{"id":1297,"date":"2017-06-09T12:17:26","date_gmt":"2017-06-09T12:17:26","guid":{"rendered":"http:\/\/stelga.lt\/pradzia\/"},"modified":"2025-09-12T07:48:40","modified_gmt":"2025-09-12T07:48:40","slug":"pradzia","status":"publish","type":"page","link":"https:\/\/www.stelga.lt\/lt\/","title":{"rendered":"Prad\u017eia"},"content":{"rendered":"<\/div><\/div><\/div><!-- close content main div --><\/div><\/div><div id='av_section_1' class='avia-section main_color avia-section-no-padding avia-no-border-styling av-parallax-section avia-bg-style-parallax  av-minimum-height av-minimum-height-100 av-section-with-video-bg container_wrap sidebar_right'  data-section-bg-repeat='no-repeat'  data-section-video-ratio='16:9' ><div  data-size='featured'  data-lightbox_size='large'  data-animation='slide'  data-ids=''  data-video_counter='1'  data-autoplay='false'  data-bg_slider='false'  data-slide_height=''  data-handle=''  data-interval='5'  data-class=' av-section-video-bg'  data-css_id=''  data-scroll_down=''  data-control_layout=''  data-custom_markup=''  data-perma_caption=''  data-autoplay_stopper=''  data-image_attachment=''  data-min_height='0px'  data-default-height='28.666666666667'  class='avia-slideshow avia-slideshow-1  av-default-height-applied avia-slideshow-featured   av-section-video-bg avia-slide-slider '  itemscope=\"itemscope\" itemtype=\"https:\/\/schema.org\/ImageObject\" ><ul class='avia-slideshow-inner' style='padding-bottom: 28.666666666667%;'><li  data-controls='disabled' data-mute='1' data-loop='1' data-disable-autoplay=''  data-video-ratio='3.4883720930233' class=' av-video-slide  av-video-service-html5  av-hide-video-controls av-mute-video av-loop-video av-single-slide slide-1 ' ><div data-rel='slideshow-1' class='avia-slide-wrap'  ><div class='av-click-overlay'><\/div><video class=\"avia_video\"  controls id=\"player_1297_281491534_690390828\" >\t<source src=\"https:\/\/www.stelga.lt\/wp-content\/uploads\/Stelga-promo.mp4\" type=\"video\/mp4\" \/><\/video><\/div><\/li><\/ul><\/div><div class='av-parallax' data-avia-parallax-ratio='0.3' ><div class='av-parallax-inner main_color  avia-full-stretch' style = 'background-repeat: no-repeat; background-image: url(https:\/\/www.stelga.lt\/wp-content\/uploads\/1-svetainei-3.jpg); background-attachment: scroll; background-position: center center; ' ><\/div><\/div><div class='container' ><div class='template-page content  av-content-small alpha units'><div class='post-entry post-entry-type-page post-entry-1297'><div class='entry-content-wrapper clearfix'>\n<div style=' margin-top:210px; margin-bottom:0px;'  class='hr hr-custom hr-center hr-icon-no '><span class='hr-inner   inner-border-av-border-none' style=' width:50px;' ><span class='hr-inner-style'><\/span><\/span><\/div>\n<section class=\"av_textblock_section\"  itemscope=\"itemscope\" itemtype=\"https:\/\/schema.org\/CreativeWork\" ><div class='avia_textblock '  style='font-size:40px; '  itemprop=\"text\" ><\/div><\/section>\n<div style=' margin-top:265px; margin-bottom:0px;'  class='hr hr-custom hr-center hr-icon-no '><span class='hr-inner   inner-border-av-border-none' style=' width:50px;' ><span class='hr-inner-style'><\/span><\/span><\/div>\n<div class=\"flex_column av_one_third  flex_column_div av-zero-column-padding first  \" style='border-radius:0px; '><section class=\"av_textblock_section\"  itemscope=\"itemscope\" itemtype=\"https:\/\/schema.org\/CreativeWork\" ><div class='avia_textblock '  style='font-size:30px; '  itemprop=\"text\" ><h2 style=\"text-align: center;\"><a href=\"http:\/\/stelga.lt\/lt\/transporteriai\/\" target=\"_blank\" rel=\"noopener\">Konvejeri\u0173 gamyba <span style=\"color: #e91c27;\">\u21b5<\/span><\/a><\/h2>\n<\/div><\/section><\/div><div class=\"flex_column av_one_third  flex_column_div av-zero-column-padding   \" style='border-radius:0px; '><section class=\"av_textblock_section\"  itemscope=\"itemscope\" itemtype=\"https:\/\/schema.org\/CreativeWork\" ><div class='avia_textblock '  style='font-size:30px; '  itemprop=\"text\" ><h2 style=\"text-align: center;\"><a href=\"http:\/\/stelga.lt\/lt\/pramonine-iranga\/\" target=\"_blank\" rel=\"noopener\">Pramonin\u0117 \u012eranga\u00a0<span style=\"color: #e91c27;\">\u21b5<\/span><\/a><\/h2>\n<\/div><\/section><\/div><div class=\"flex_column av_one_third  flex_column_div av-zero-column-padding   \" style='border-radius:0px; '><section class=\"av_textblock_section\"  itemscope=\"itemscope\" itemtype=\"https:\/\/schema.org\/CreativeWork\" ><div class='avia_textblock '  style='font-size:30px; '  itemprop=\"text\" ><h2 style=\"text-align: center;\"><a href=\"http:\/\/stelga.lt\/lt\/metalo-konstrukcijos\/\" target=\"_blank\" rel=\"noopener\">Metalo Konstrukcijos\u00a0<span style=\"color: #e91c27;\">\u21b5<\/span><\/a><\/h2>\n<\/div><\/section><\/div><\/div><\/div><\/div><!-- close content main div --><\/div><\/div><div id='after_section_1' class='main_color av_default_container_wrap container_wrap sidebar_right'   ><div class='container' ><div class='template-page content  av-content-small alpha units'><div class='post-entry post-entry-type-page post-entry-1297'><div class='entry-content-wrapper clearfix'><\/div><\/div><\/div><!-- close content main div --><\/div><\/div><div id='reklama' class='avia-section main_color avia-section-small avia-no-border-styling avia-bg-style-scroll  container_wrap sidebar_right' style = 'background-color: #e1e2e1; '  ><div class='container' ><div class='template-page content  av-content-small alpha units'><div class='post-entry post-entry-type-page post-entry-1297'><div class='entry-content-wrapper clearfix'>\n<section class=\"av_textblock_section\"  itemscope=\"itemscope\" itemtype=\"https:\/\/schema.org\/CreativeWork\" ><div class='avia_textblock  av_inherit_color'  style='font-size:40px; color:#484c50; '  itemprop=\"text\" ><p style=\"text-align: center;\">Kuom galime pad\u0117ti?<\/p>\n<\/div><\/section>\n<div class='avia-button-wrap avia-button-center '><a href=\"http:\/\/stelga.lt\/lt\/kontaktai\/\" class=\"avia-button  avia-icon_select-no avia-color-custom avia-size-x-large avia-position-center \" style=\"background-color:#666666; border-color:#666666; color:#ffffff; \" target=\"_blank\" rel=\"noopener\"><span class='avia_iconbox_title' >Aptarkime J\u016bs\u0173 nauj\u0105 projekt\u0105<\/span><\/a><\/div>\n<\/div><\/div><\/div><!-- close content main div --><\/div><\/div><div id='after_section_2' class='main_color av_default_container_wrap container_wrap sidebar_right'   ><div class='container' ><div class='template-page content  av-content-small alpha units'><div class='post-entry post-entry-type-page post-entry-1297'><div class='entry-content-wrapper clearfix'><\/p>\n","protected":false},"excerpt":{"rendered":"","protected":false},"author":1,"featured_media":0,"parent":0,"menu_order":0,"comment_status":"closed","ping_status":"closed","template":"","meta":{"_monsterinsights_skip_tracking":false,"_monsterinsights_sitenote_active":false,"_monsterinsights_sitenote_note":"","_monsterinsights_sitenote_category":0,"footnotes":""},"_links":{"self":[{"href":"https:\/\/www.stelga.lt\/lt\/wp-json\/wp\/v2\/pages\/1297"}],"collection":[{"href":"https:\/\/www.stelga.lt\/lt\/wp-json\/wp\/v2\/pages"}],"about":[{"href":"https:\/\/www.stelga.lt\/lt\/wp-json\/wp\/v2\/types\/page"}],"author":[{"embeddable":true,"href":"https:\/\/www.stelga.lt\/lt\/wp-json\/wp\/v2\/users\/1"}],"replies":[{"embeddable":true,"href":"https:\/\/www.stelga.lt\/lt\/wp-json\/wp\/v2\/comments?post=1297"}],"version-history":[{"count":29,"href":"https:\/\/www.stelga.lt\/lt\/wp-json\/wp\/v2\/pages\/1297\/revisions"}],"predecessor-version":[{"id":2283,"href":"https:\/\/www.stelga.lt\/lt\/wp-json\/wp\/v2\/pages\/1297\/revisions\/2283"}],"wp:attachment":[{"href":"https:\/\/www.stelga.lt\/lt\/wp-json\/wp\/v2\/media?parent=1297"}],"curies":[{"name":"wp","href":"https:\/\/api.w.org\/{rel}","templated":true}]}}