{"id":1374,"date":"2017-06-12T08:52:31","date_gmt":"2017-06-12T08:52:31","guid":{"rendered":"http:\/\/stelga.lt\/projektavimas\/"},"modified":"2025-09-15T11:28:22","modified_gmt":"2025-09-15T11:28:22","slug":"www-stelga-lt-konvejeriu_projektavimas","status":"publish","type":"page","link":"https:\/\/www.stelga.lt\/lt\/www-stelga-lt-konvejeriu_projektavimas\/","title":{"rendered":"Projektavimas"},"content":{"rendered":"<\/div><\/div><\/div><!-- close content main div --><\/div><\/div><div id='sub_menu1' class='av-submenu-container header_color  container_wrap sidebar_right'   style='z-index:301'><div class='container av-menu-mobile-disabled '><ul id='av-custom-submenu-1' class='av-subnav-menu av-submenu-pos-center'>\n<li class='menu-item menu-item-top-level  menu-item-top-level-1'><a href=\"http:\/\/stelga.lt\/lt\/projektavimas\/\" target=\"_blank\" rel=\"noopener\"><span class='avia-bullet'><\/span><span class='avia-menu-text'>Projektavimas<\/span><\/a><\/li>\n<li class='menu-item menu-item-top-level  menu-item-top-level-2'><a href=\"http:\/\/stelga.lt\/lt\/gamyba\/\" target=\"_blank\" rel=\"noopener\"><span class='avia-bullet'><\/span><span class='avia-menu-text'>Gamyba<\/span><\/a><\/li>\n<li class='menu-item menu-item-top-level  menu-item-top-level-3'><a href=\"http:\/\/stelga.lt\/lt\/montavimas\/\" target=\"_blank\" rel=\"noopener\"><span class='avia-bullet'><\/span><span class='avia-menu-text'>Montavimas<\/span><\/a><\/li>\n<li class='menu-item menu-item-top-level  menu-item-top-level-4'><a href=\"https:\/\/www.stelga.lt\/lt\/www-stelga-lt-metalo-apdirbimas\/\"><span class='avia-bullet'><\/span><span class='avia-menu-text'>Metalo apdirbimas<\/span><\/a><\/li>\n<\/ul><\/div><\/div>\n<div class=\"flex_column av_one_full  flex_column_div av-zero-column-padding first  \" style='border-radius:0px; '><section class=\"av_textblock_section\"  itemscope=\"itemscope\" itemtype=\"https:\/\/schema.org\/CreativeWork\" ><div class='avia_textblock '  style='font-size:18px; '  itemprop=\"text\" ><h3 style=\"text-align: left;\"><img loading=\"lazy\" decoding=\"async\" class=\"size-full wp-image-1203 alignleft\" src=\"http:\/\/stelga.lt\/wp-content\/uploads\/1-4.jpg\" alt=\"\" width=\"750\" height=\"406\" srcset=\"https:\/\/www.stelga.lt\/wp-content\/uploads\/1-4.jpg 750w, https:\/\/www.stelga.lt\/wp-content\/uploads\/1-4-300x162.jpg 300w, https:\/\/www.stelga.lt\/wp-content\/uploads\/1-4-705x382.jpg 705w, https:\/\/www.stelga.lt\/wp-content\/uploads\/1-4-450x244.jpg 450w\" sizes=\"(max-width: 750px) 100vw, 750px\" \/>Pramonin\u0117s \u012frangos ir konvejeri\u0173 projektavimas ir 3D Modeliavimas<\/h3>\n<h4 style=\"text-align: justify; text-justify: inter-word;\"><strong data-start=\"366\" data-end=\"380\">UAB Stelga<\/strong> si\u016blo profesionalias <strong data-start=\"402\" data-end=\"451\">pramonin\u0117s \u012frangos ir konvejeri\u0173 projektavimo<\/strong> paslaugas. Bendradarbiaudami su j\u016bs\u0173 <strong data-start=\"489\" data-end=\"556\">in\u017einerijos, gamybos, darbo saugos ir sanitarijos specialistais<\/strong>, identifikuojame visus poreikius bei techninius reikalavimus.<\/h4>\n<h4>M\u016bs\u0173 in\u017einieri\u0173 komanda parengia <strong data-start=\"849\" data-end=\"875\">3D konvejeri\u0173 modelius<\/strong> ir detalius <strong data-start=\"888\" data-end=\"912\">techninius br\u0117\u017einius<\/strong>, kurie tampa pagrindu gamybai. Projektavimo metu galime pasi\u016blyti kelias alternatyvas, kad i\u0161sirinktum\u0117te optimal\u0173 sprendim\u0105 savo \u012fmonei.<\/h4>\n<\/div><\/section><\/div>\n<div style=' margin-top:30px; margin-bottom:30px;'  class='hr hr-custom hr-center hr-icon-no '><span class='hr-inner   inner-border-av-border-fat' style=' width:2000px; border-color:#b02b2c;' ><span class='hr-inner-style'><\/span><\/span><\/div>\n<div style='padding-bottom:0px;color:#565656;font-size:40px;' class='av-special-heading av-special-heading-h1 custom-color-heading blockquote classic-quote   av-inherit-size'><h1 class='av-special-heading-tag'  itemprop=\"headline\"  >J\u016bs\u0173 id\u0117jas paversime realybe<\/h1><div class='special-heading-border'><div class='special-heading-inner-border' style='border-color:#565656'><\/div><\/div><\/div>\n<div style=' margin-top:30px; margin-bottom:30px;'  class='hr hr-custom hr-center hr-icon-no '><span class='hr-inner   inner-border-av-border-fat' style=' width:2000px; border-color:#b02b2c;' ><span class='hr-inner-style'><\/span><\/span><\/div>\n<div class=\"flex_column av_one_half  flex_column_div av-zero-column-padding first  \" style='margin-top:10px; margin-bottom:-40px; border-radius:0px; '><div class='avia-icon-list-container '><ul class='avia-icon-list avia-icon-list-left av-iconlist-big avia_animate_when_almost_visible'>\n<li><div  style='background-color:#ffffff; border:1px solid #000000; color:#000000; ' class='iconlist_icon  avia-font-entypo-fontello'><span class='iconlist-char' aria-hidden='true' data-av_icon='\ue857' data-av_iconfont='entypo-fontello'><\/span><\/div><article class=\"article-icon-entry \"  itemscope=\"itemscope\" itemtype=\"https:\/\/schema.org\/CreativeWork\" ><div class='iconlist_content_wrap'><header class=\"entry-content-header\"><h4 class='av_iconlist_title iconlist_title '  itemprop=\"headline\"  ><a href=\"https:\/\/www.stelga.lt\/lt\/konvejeriu-gamyba-2\/\" title=\"Bendradarbiavimas nuo id\u0117jos iki galutinio produkto\" target=\"_blank\">Bendradarbiavimas nuo id\u0117jos iki galutinio produkto<\/a><\/h4><\/header><div class='iconlist_content '  itemprop=\"text\"  ><p>Galimyb\u0117 <strong data-start=\"305\" data-end=\"346\">projektuoti ir gaminti po vienu stogu<\/strong> leid\u017eia mums pasi\u016blyti vis\u0105 proces\u0105 \u2013 nuo pirmos id\u0117jos iki pilnai veikian\u010dio produkto. Projektuojame ir gaminame <strong data-start=\"461\" data-end=\"531\">konvejerius, aptarnavimo platformas bei nestandartinius \u012frenginius<\/strong>, u\u017etikrindami auk\u0161\u010diausi\u0105 kokyb\u0119 visuose etapuose.<\/p>\n<\/div><\/div><footer class=\"entry-footer\"><\/footer><\/article><div class='iconlist-timeline'><\/div><\/li>\n<li><div  style='background-color:#ffffff; border:1px solid #000000; color:#000000; ' class='iconlist_icon  avia-font-entypo-fontello'><span class='iconlist-char' aria-hidden='true' data-av_icon='\ue839' data-av_iconfont='entypo-fontello'><\/span><\/div><article class=\"article-icon-entry \"  itemscope=\"itemscope\" itemtype=\"https:\/\/schema.org\/CreativeWork\" ><div class='iconlist_content_wrap'><header class=\"entry-content-header\"><h4 class='av_iconlist_title iconlist_title '  itemprop=\"headline\"  ><a href=\"https:\/\/www.stelga.lt\/lt\/konvejeriu-gamyba-2\/\" title=\"Prad\u0117sime nuo J\u016bs\u0173 id\u0117jos\">Prad\u0117sime nuo J\u016bs\u0173 id\u0117jos<\/a><\/h4><\/header><div class='iconlist_content '  itemprop=\"text\"  ><p>Turite id\u0117j\u0105, kuri J\u016bs\u0173 gamybinius procesus padaryt\u0173 efektyvesnius, bet neturite tam reikiamos \u012frangos ar \u017eini\u0173? M\u016bs\u0173 komanda pasiruo\u0161usi J\u016bs\u0173 id\u0117j\u0105 paversti \u012f tikslius \u012frangos 3D modelius bei gamybinius br\u0117\u017einius &#8211; randame sprendimus net ir sud\u0117tingiausiose situacijose!<\/p>\n<\/div><\/div><footer class=\"entry-footer\"><\/footer><\/article><div class='iconlist-timeline'><\/div><\/li>\n<\/ul><\/div><\/div>\n<div class=\"flex_column av_one_half  flex_column_div av-zero-column-padding   \" style='margin-top:10px; margin-bottom:-40px; border-radius:0px; '><div class='avia-icon-list-container '><ul class='avia-icon-list avia-icon-list-left av-iconlist-big avia_animate_when_almost_visible'>\n<li><div  style='background-color:#ffffff; border:1px solid #000000; color:#000000; ' class='iconlist_icon  avia-font-entypo-fontello'><span class='iconlist-char' aria-hidden='true' data-av_icon='\ue826' data-av_iconfont='entypo-fontello'><\/span><\/div><article class=\"article-icon-entry \"  itemscope=\"itemscope\" itemtype=\"https:\/\/schema.org\/CreativeWork\" ><div class='iconlist_content_wrap'><header class=\"entry-content-header\"><h4 class='av_iconlist_title iconlist_title '  itemprop=\"headline\"  >Pristatysime Jums 3D modelius<\/h4><\/header><div class='iconlist_content '  itemprop=\"text\"  ><p>Dar prie\u0161 gamyb\u0105 galime pateikti <strong data-start=\"951\" data-end=\"964\">3D model\u012f<\/strong>, kuris leid\u017eia i\u0161 anksto \u012fvertinti konvejerio ar \u012frenginio gabaritus, matyti real\u0173 vaizd\u0105 bei patikrinti kiekvien\u0105 detal\u0119. Tai suteikia galimyb\u0119 priimti sprendimus dar iki gamybos prad\u017eios ir i\u0161vengti klaid\u0173.<\/p>\n<\/div><\/div><footer class=\"entry-footer\"><\/footer><\/article><div class='iconlist-timeline'><\/div><\/li>\n<li><div  style='background-color:#ffffff; border:1px solid #000000; color:#000000; ' class='iconlist_icon  avia-font-entypo-fontello'><span class='iconlist-char' aria-hidden='true' data-av_icon='\ue812' data-av_iconfont='entypo-fontello'><\/span><\/div><article class=\"article-icon-entry \"  itemscope=\"itemscope\" itemtype=\"https:\/\/schema.org\/CreativeWork\" ><div class='iconlist_content_wrap'><header class=\"entry-content-header\"><h4 class='av_iconlist_title iconlist_title '  itemprop=\"headline\"  >Mes galime tai pagaminti<\/h4><\/header><div class='iconlist_content '  itemprop=\"text\"  ><p>Tur\u0117dami patvirtintus br\u0117\u017einius ir 3D modelius, pereiname prie realios <strong data-start=\"283\" data-end=\"356\">konvejeri\u0173, aptarnavimo platform\u0173 ir nestandartini\u0173 \u012frengini\u0173 gamybos<\/strong>. Dirbame precizi\u0161kai, kad kiekvienas projektas b\u016bt\u0173 pagamintas laiku, atitikt\u0173 auk\u0161\u010diausius kokyb\u0117s standartus ir u\u017etikrint\u0173 patikim\u0105 veikim\u0105 j\u016bs\u0173 gamybos procesuose.<\/p>\n<\/div><\/div><footer class=\"entry-footer\"><\/footer><\/article><div class='iconlist-timeline'><\/div><\/li>\n<\/ul><\/div><\/div>\n<\/div><\/div><\/div><!-- close content main div --><\/div><\/div><div id='av_section_1' class='avia-section main_color avia-section-no-padding avia-no-border-styling avia-bg-style-scroll  av-minimum-height av-minimum-height-25 container_wrap sidebar_right' style = 'background-color: #e1e1e0; '  ><div class='container' ><div class='template-page content  av-content-small alpha units'><div class='post-entry post-entry-type-page post-entry-1374'><div class='entry-content-wrapper clearfix'>\n<section class=\"av_textblock_section\"  itemscope=\"itemscope\" itemtype=\"https:\/\/schema.org\/CreativeWork\" ><div class='avia_textblock  av_inherit_color'  style='font-size:40px; color:#666666; '  itemprop=\"text\" ><p style=\"text-align: center;\">Turite id\u0117j\u0105?<\/p>\n<\/div><\/section>\n<div class='avia-button-wrap avia-button-center '><a href=\"http:\/\/stelga.lt\/lt\/kontaktai\/\" class=\"avia-button  avia-icon_select-yes-left-icon avia-color-grey avia-size-x-large avia-position-center \" target=\"_blank\" rel=\"noopener\"><span class='avia_button_icon avia_button_icon_left ' aria-hidden='true' data-av_icon='\ue805' data-av_iconfont='entypo-fontello'><\/span><span class='avia_iconbox_title' >Susisiekime.<\/span><\/a><\/div>\n<div style=' margin-top:20px; margin-bottom:0px;'  class='hr hr-custom hr-center hr-icon-no '><span class='hr-inner   inner-border-av-border-none' style=' width:50px;' ><span class='hr-inner-style'><\/span><\/span><\/div>\n<\/div><\/div><\/div><!-- close content main div --><\/div><\/div><div id='after_section_1' class='main_color av_default_container_wrap container_wrap sidebar_right'   ><div class='container' ><div class='template-page content  av-content-small alpha units'><div class='post-entry post-entry-type-page post-entry-1374'><div class='entry-content-wrapper clearfix'>\n","protected":false},"excerpt":{"rendered":"","protected":false},"author":1,"featured_media":0,"parent":0,"menu_order":0,"comment_status":"closed","ping_status":"closed","template":"","meta":{"_monsterinsights_skip_tracking":false,"_monsterinsights_sitenote_active":false,"_monsterinsights_sitenote_note":"","_monsterinsights_sitenote_category":0,"footnotes":""},"_links":{"self":[{"href":"https:\/\/www.stelga.lt\/lt\/wp-json\/wp\/v2\/pages\/1374"}],"collection":[{"href":"https:\/\/www.stelga.lt\/lt\/wp-json\/wp\/v2\/pages"}],"about":[{"href":"https:\/\/www.stelga.lt\/lt\/wp-json\/wp\/v2\/types\/page"}],"author":[{"embeddable":true,"href":"https:\/\/www.stelga.lt\/lt\/wp-json\/wp\/v2\/users\/1"}],"replies":[{"embeddable":true,"href":"https:\/\/www.stelga.lt\/lt\/wp-json\/wp\/v2\/comments?post=1374"}],"version-history":[{"count":33,"href":"https:\/\/www.stelga.lt\/lt\/wp-json\/wp\/v2\/pages\/1374\/revisions"}],"predecessor-version":[{"id":2412,"href":"https:\/\/www.stelga.lt\/lt\/wp-json\/wp\/v2\/pages\/1374\/revisions\/2412"}],"wp:attachment":[{"href":"https:\/\/www.stelga.lt\/lt\/wp-json\/wp\/v2\/media?parent=1374"}],"curies":[{"name":"wp","href":"https:\/\/api.w.org\/{rel}","templated":true}]}}