{"id":1393,"date":"2017-06-12T12:22:44","date_gmt":"2017-06-12T12:22:44","guid":{"rendered":"http:\/\/stelga.lt\/gamyba\/"},"modified":"2025-09-15T11:30:35","modified_gmt":"2025-09-15T11:30:35","slug":"konvejeriu-gamyba","status":"publish","type":"page","link":"https:\/\/www.stelga.lt\/lt\/konvejeriu-gamyba\/","title":{"rendered":"Gamyba"},"content":{"rendered":"<\/div><\/div><\/div><!-- close content main div --><\/div><\/div><div id='sub_menu1' class='av-submenu-container header_color  container_wrap sidebar_right'   style='z-index:301'><div class='container av-menu-mobile-disabled '><ul id='av-custom-submenu-1' class='av-subnav-menu av-submenu-pos-center'>\n<li class='menu-item menu-item-top-level  menu-item-top-level-1'><a href=\"http:\/\/stelga.lt\/lt\/projektavimas\/\" target=\"_blank\" rel=\"noopener\"><span class='avia-bullet'><\/span><span class='avia-menu-text'>Projektavimas<\/span><\/a><\/li>\n<li class='menu-item menu-item-top-level  menu-item-top-level-2'><a href=\"http:\/\/stelga.lt\/lt\/gamyba\/\" target=\"_blank\" rel=\"noopener\"><span class='avia-bullet'><\/span><span class='avia-menu-text'>Gamyba<\/span><\/a><\/li>\n<li class='menu-item menu-item-top-level  menu-item-top-level-3'><a href=\"http:\/\/stelga.lt\/lt\/montavimas\/\" target=\"_blank\" rel=\"noopener\"><span class='avia-bullet'><\/span><span class='avia-menu-text'>Montavimas<\/span><\/a><\/li>\n<li class='menu-item menu-item-top-level  menu-item-top-level-4'><a href=\"https:\/\/www.stelga.lt\/lt\/www-stelga-lt-metalo-apdirbimas\/\"><span class='avia-bullet'><\/span><span class='avia-menu-text'>Metalo apdirbimas<\/span><\/a><\/li>\n<\/ul><\/div><\/div>\n<div class=\"flex_column av_one_full  flex_column_div av-zero-column-padding first  \" style='border-radius:0px; '><section class=\"av_textblock_section\"  itemscope=\"itemscope\" itemtype=\"https:\/\/schema.org\/CreativeWork\" ><div class='avia_textblock '  style='font-size:30px; '  itemprop=\"text\" ><p><img loading=\"lazy\" decoding=\"async\" class=\"wp-image-1207 size-full alignleft\" src=\"https:\/\/www.stelga.lt\/wp-content\/uploads\/5.jpg\" alt=\"Konvejeri\u0173 gamyba, projektavimas ir montavimas\" width=\"750\" height=\"406\" srcset=\"https:\/\/www.stelga.lt\/wp-content\/uploads\/5.jpg 750w, https:\/\/www.stelga.lt\/wp-content\/uploads\/5-300x162.jpg 300w, https:\/\/www.stelga.lt\/wp-content\/uploads\/5-705x382.jpg 705w, https:\/\/www.stelga.lt\/wp-content\/uploads\/5-450x244.jpg 450w\" sizes=\"(max-width: 750px) 100vw, 750px\" \/><\/p>\n<h3 style=\"text-align: left;\">Gamyba<\/h3>\n<h4 style=\"text-align: justify; text-justify: inter-word;\">UAB Stelga gamina \u012fvairi\u0173 tip\u0173 <strong data-start=\"862\" data-end=\"889\">pramoninius konvejerius<\/strong> \u2013 nuo standartini\u0173 juostini\u0173 iki specialiai pritaikyt\u0173 sprendim\u0173 pagal kliento poreikius. Taip pat gaminame \u012fvairius ir nestandartinius gaminius i\u0161 plieno &#8211; turime didelias technologines galimybes, tod\u0117l galime i\u0161pildyti net sud\u0117tingiausius J\u016bs\u0173 sumanymus. Naudojame kokybi\u0161kas med\u017eiagas, moderni\u0105 \u012frang\u0105 ir patyrusi\u0173 specialist\u0173 \u017einias, kad u\u017etikrintume patikim\u0105 veikim\u0105 bei ilgaam\u017ei\u0161kum\u0105<\/h4>\n<\/div><\/section><\/div><div style=' margin-top:30px; margin-bottom:30px;'  class='hr hr-custom hr-center hr-icon-no '><span class='hr-inner   inner-border-av-border-fat' style=' width:2000px; border-color:#b02b2c;' ><span class='hr-inner-style'><\/span><\/span><\/div><\/p>\n<div style='padding-bottom:0px;color:#565656;font-size:40px;' class='av-special-heading av-special-heading-h1 custom-color-heading blockquote classic-quote   av-inherit-size'><h1 class='av-special-heading-tag'  itemprop=\"headline\"  >Gamybiniai sprendimai<\/h1><div class='special-heading-border'><div class='special-heading-inner-border' style='border-color:#565656'><\/div><\/div><\/div>\n<div style=' margin-top:30px; margin-bottom:30px;'  class='hr hr-custom hr-center hr-icon-no '><span class='hr-inner   inner-border-av-border-fat' style=' width:2000px; border-color:#b02b2c;' ><span class='hr-inner-style'><\/span><\/span><\/div>\n<div class=\"flex_column av_one_half  flex_column_div av-zero-column-padding first  \" style='border-radius:0px; '><div class='avia-icon-list-container '><ul class='avia-icon-list avia-icon-list-left av-iconlist-big avia_animate_when_almost_visible'>\n<li><a href=\"https:\/\/www.stelga.lt\/lt\/transporteriai\/\" title=\"\u012eranga pagal J\u016bs\u0173 poreikius\" style=\"background-color:#ffffff; border:1px solid #000000; color:#000000; \" class=\"iconlist_icon  avia-font-entypo-fontello\"><span class='iconlist-char' aria-hidden='true' data-av_icon='\ue857' data-av_iconfont='entypo-fontello'><\/span><\/a><article class=\"article-icon-entry \"  itemscope=\"itemscope\" itemtype=\"https:\/\/schema.org\/CreativeWork\" ><div class='iconlist_content_wrap'><header class=\"entry-content-header\"><h4 class='av_iconlist_title iconlist_title '  itemprop=\"headline\"  ><a href=\"https:\/\/www.stelga.lt\/lt\/transporteriai\/\" title=\"\u012eranga pagal J\u016bs\u0173 poreikius\">\u012eranga pagal J\u016bs\u0173 poreikius<\/a><\/h4><\/header><div class='iconlist_content '  itemprop=\"text\"  ><p><strong data-start=\"300\" data-end=\"314\">UAB Stelga<\/strong> specializuojasi <strong data-start=\"331\" data-end=\"403\">konvejeri\u0173, nestandartini\u0173 \u012frengini\u0173 ir metalo konstrukcij\u0173 gamyboje<\/strong>. Atsi\u017evelgdami \u012f j\u016bs\u0173 poreikius, sukuriame ir pagaminame auk\u0161\u010diausius kokyb\u0117s standartus atitinkan\u010di\u0105 <strong data-start=\"506\" data-end=\"526\">pramonin\u0119 \u012frang\u0105<\/strong>.<\/p>\n<\/div><\/div><footer class=\"entry-footer\"><\/footer><\/article><div class='iconlist-timeline'><\/div><\/li>\n<li><a href=\"https:\/\/www.stelga.lt\/lt\/projektavimas\/\" title=\"\u012erangos atnaujinimas ir nauj\u0173 konvejeri\u0173 gamyba\" style=\"background-color:#ffffff; border:1px solid #000000; color:#000000; \" class=\"iconlist_icon  avia-font-entypo-fontello\"><span class='iconlist-char' aria-hidden='true' data-av_icon='\ue839' data-av_iconfont='entypo-fontello'><\/span><\/a><article class=\"article-icon-entry \"  itemscope=\"itemscope\" itemtype=\"https:\/\/schema.org\/CreativeWork\" ><div class='iconlist_content_wrap'><header class=\"entry-content-header\"><h4 class='av_iconlist_title iconlist_title '  itemprop=\"headline\"  ><a href=\"https:\/\/www.stelga.lt\/lt\/projektavimas\/\" title=\"\u012erangos atnaujinimas ir nauj\u0173 konvejeri\u0173 gamyba\">\u012erangos atnaujinimas ir nauj\u0173 konvejeri\u0173 gamyba<\/a><\/h4><\/header><div class='iconlist_content '  itemprop=\"text\"  ><p>Jei planuojate <strong data-start=\"377\" data-end=\"412\">atnaujinti savo gamybin\u0119 \u012frang\u0105<\/strong>, <strong data-start=\"414\" data-end=\"428\">UAB Stelga<\/strong> pasiruo\u0161usi jums pad\u0117ti \u2013 nuo id\u0117jos iki pilnai veikian\u010dios sistemos. M\u016bs\u0173 komanda profesionaliai atliks <strong data-start=\"534\" data-end=\"590\">\u012frangos projektavim\u0105, konvejeri\u0173 gamyb\u0105 ir montavim\u0105<\/strong>, kad j\u016bs\u0173 gamybos linija veikt\u0173 efektyviai ir be prastov\u0173<\/p>\n<\/div><\/div><footer class=\"entry-footer\"><\/footer><\/article><div class='iconlist-timeline'><\/div><\/li>\n<\/ul><\/div><\/div>\n<div class=\"flex_column av_one_half  flex_column_div av-zero-column-padding   \" style='border-radius:0px; '><div class='avia-icon-list-container '><ul class='avia-icon-list avia-icon-list-left av-iconlist-big avia_animate_when_almost_visible'>\n<li><a href=\"https:\/\/www.stelga.lt\/lt\/gamyba\/\" title=\"Projektavimas ir gamyba vienoje vietoje\" style=\"background-color:#ffffff; border:1px solid #000000; color:#000000; \" class=\"iconlist_icon  avia-font-entypo-fontello\"><span class='iconlist-char' aria-hidden='true' data-av_icon='\ue857' data-av_iconfont='entypo-fontello'><\/span><\/a><article class=\"article-icon-entry \"  itemscope=\"itemscope\" itemtype=\"https:\/\/schema.org\/CreativeWork\" ><div class='iconlist_content_wrap'><header class=\"entry-content-header\"><h4 class='av_iconlist_title iconlist_title '  itemprop=\"headline\"  ><a href=\"https:\/\/www.stelga.lt\/lt\/gamyba\/\" title=\"Projektavimas ir gamyba vienoje vietoje\">Projektavimas ir gamyba vienoje vietoje<\/a><\/h4><\/header><div class='iconlist_content '  itemprop=\"text\"  ><p><strong data-start=\"324\" data-end=\"338\">UAB Stelga<\/strong> privalumas \u2013 galimyb\u0117 atlikti <strong data-start=\"369\" data-end=\"421\">konvejeri\u0173 projektavim\u0105 ir gamyb\u0105 po vienu stogu<\/strong>. Tai rei\u0161kia, kad klientui u\u017etikriname vis\u0105 proces\u0105 \u2013 nuo pradin\u0117s id\u0117jos ir 3D projekto suk\u016brimo iki galutinio konvejerio pagaminimo ir sumontavimo j\u016bs\u0173 \u012fmon\u0117je.<\/p>\n<\/div><\/div><footer class=\"entry-footer\"><\/footer><\/article><div class='iconlist-timeline'><\/div><\/li>\n<li><div  style='background-color:#ffffff; border:1px solid #000000; color:#000000; ' class='iconlist_icon  avia-font-entypo-fontello'><span class='iconlist-char' aria-hidden='true' data-av_icon='\ue839' data-av_iconfont='entypo-fontello'><\/span><\/div><article class=\"article-icon-entry \"  itemscope=\"itemscope\" itemtype=\"https:\/\/schema.org\/CreativeWork\" ><div class='iconlist_content_wrap'><header class=\"entry-content-header\"><h4 class='av_iconlist_title iconlist_title '  itemprop=\"headline\"  >Prad\u0117sime nuo j\u016bs\u0173 id\u0117jos<\/h4><\/header><div class='iconlist_content '  itemprop=\"text\"  ><p>Turite id\u0117j\u0105, kaip pagerinti savo <strong data-start=\"334\" data-end=\"357\">gamybinius procesus<\/strong>, bet neturite tam tinkamos \u012frangos ar technini\u0173 sprendim\u0173? <strong data-start=\"417\" data-end=\"431\">UAB Stelga<\/strong> komanda pasiruo\u0161usi j\u0105 \u012fgyvendinti \u2013 nuo koncepcijos iki realaus \u012frenginio.M\u016bs\u0173 komanda pasiruo\u0161usi J\u016bs\u0173 id\u0117j\u0105 paversti \u012f tikslius \u012frangos 3D modelius bei br\u0117\u017einius gamybai.<\/p>\n<\/div><\/div><footer class=\"entry-footer\"><\/footer><\/article><div class='iconlist-timeline'><\/div><\/li>\n<\/ul><\/div><\/div>\n<\/div><\/div><\/div><!-- close content main div --><\/div><\/div><div id='av_section_1' class='avia-section main_color avia-section-no-padding avia-no-border-styling avia-bg-style-scroll  av-minimum-height av-minimum-height-25 container_wrap sidebar_right' style = 'background-color: #e1e1e0; '  ><div class='container' ><div class='template-page content  av-content-small alpha units'><div class='post-entry post-entry-type-page post-entry-1393'><div class='entry-content-wrapper clearfix'>\n<section class=\"av_textblock_section\"  itemscope=\"itemscope\" itemtype=\"https:\/\/schema.org\/CreativeWork\" ><div class='avia_textblock  av_inherit_color'  style='font-size:40px; color:#666666; '  itemprop=\"text\" ><p style=\"text-align: center;\">Turite id\u0117j\u0105?<\/p>\n<\/div><\/section>\n<div class='avia-button-wrap avia-button-center '><a href=\"http:\/\/stelga.lt\/lt\/kontaktai\/\" class=\"avia-button  avia-icon_select-yes-left-icon avia-color-grey avia-size-x-large avia-position-center \" target=\"_blank\" rel=\"noopener\"><span class='avia_button_icon avia_button_icon_left ' aria-hidden='true' data-av_icon='\ue805' data-av_iconfont='entypo-fontello'><\/span><span class='avia_iconbox_title' >Susisiekime<\/span><\/a><\/div>\n<div style=' margin-top:20px; margin-bottom:0px;'  class='hr hr-custom hr-center hr-icon-no '><span class='hr-inner   inner-border-av-border-none' style=' width:50px;' ><span class='hr-inner-style'><\/span><\/span><\/div>\n<\/div><\/div><\/div><!-- close content main div --><\/div><\/div><div id='after_section_1' class='main_color av_default_container_wrap container_wrap sidebar_right'   ><div class='container' ><div class='template-page content  av-content-small alpha units'><div class='post-entry post-entry-type-page post-entry-1393'><div class='entry-content-wrapper clearfix'>\n","protected":false},"excerpt":{"rendered":"","protected":false},"author":1,"featured_media":0,"parent":0,"menu_order":0,"comment_status":"closed","ping_status":"closed","template":"","meta":{"_monsterinsights_skip_tracking":false,"_monsterinsights_sitenote_active":false,"_monsterinsights_sitenote_note":"","_monsterinsights_sitenote_category":0,"footnotes":""},"_links":{"self":[{"href":"https:\/\/www.stelga.lt\/lt\/wp-json\/wp\/v2\/pages\/1393"}],"collection":[{"href":"https:\/\/www.stelga.lt\/lt\/wp-json\/wp\/v2\/pages"}],"about":[{"href":"https:\/\/www.stelga.lt\/lt\/wp-json\/wp\/v2\/types\/page"}],"author":[{"embeddable":true,"href":"https:\/\/www.stelga.lt\/lt\/wp-json\/wp\/v2\/users\/1"}],"replies":[{"embeddable":true,"href":"https:\/\/www.stelga.lt\/lt\/wp-json\/wp\/v2\/comments?post=1393"}],"version-history":[{"count":34,"href":"https:\/\/www.stelga.lt\/lt\/wp-json\/wp\/v2\/pages\/1393\/revisions"}],"predecessor-version":[{"id":2414,"href":"https:\/\/www.stelga.lt\/lt\/wp-json\/wp\/v2\/pages\/1393\/revisions\/2414"}],"wp:attachment":[{"href":"https:\/\/www.stelga.lt\/lt\/wp-json\/wp\/v2\/media?parent=1393"}],"curies":[{"name":"wp","href":"https:\/\/api.w.org\/{rel}","templated":true}]}}