{"id":1416,"date":"2017-06-12T13:13:00","date_gmt":"2017-06-12T13:13:00","guid":{"rendered":"http:\/\/stelga.lt\/montavimas\/"},"modified":"2025-09-15T11:33:20","modified_gmt":"2025-09-15T11:33:20","slug":"www-stelga-lt-konvejeriu_montavimas","status":"publish","type":"page","link":"https:\/\/www.stelga.lt\/lt\/www-stelga-lt-konvejeriu_montavimas\/","title":{"rendered":"Montavimas"},"content":{"rendered":"<\/div><\/div><\/div><!-- close content main div --><\/div><\/div><div id='sub_menu1' class='av-submenu-container header_color  container_wrap sidebar_right'   style='z-index:301'><div class='container av-menu-mobile-disabled '><ul id='av-custom-submenu-1' class='av-subnav-menu av-submenu-pos-center'>\n<li class='menu-item menu-item-top-level  menu-item-top-level-1'><a href=\"http:\/\/stelga.lt\/lt\/projektavimas\/\" target=\"_blank\" rel=\"noopener\"><span class='avia-bullet'><\/span><span class='avia-menu-text'>Projektavimas<\/span><\/a><\/li>\n<li class='menu-item menu-item-top-level  menu-item-top-level-2'><a href=\"http:\/\/stelga.lt\/lt\/gamyba\/\" target=\"_blank\" rel=\"noopener\"><span class='avia-bullet'><\/span><span class='avia-menu-text'>Gamyba<\/span><\/a><\/li>\n<li class='menu-item menu-item-top-level  menu-item-top-level-3'><a href=\"http:\/\/stelga.lt\/lt\/montavimas\/\" target=\"_blank\" rel=\"noopener\"><span class='avia-bullet'><\/span><span class='avia-menu-text'>Montavimas<\/span><\/a><\/li>\n<li class='menu-item menu-item-top-level  menu-item-top-level-4'><a href=\"https:\/\/www.stelga.lt\/lt\/www-stelga-lt-metalo-apdirbimas\/\"><span class='avia-bullet'><\/span><span class='avia-menu-text'>Metalo apdirbimas<\/span><\/a><\/li>\n<\/ul><\/div><\/div>\n<div class=\"flex_column av_one_full  flex_column_div av-zero-column-padding first  \" style='border-radius:0px; '><section class=\"av_textblock_section\"  itemscope=\"itemscope\" itemtype=\"https:\/\/schema.org\/CreativeWork\" ><div class='avia_textblock '   itemprop=\"text\" ><p><img loading=\"lazy\" decoding=\"async\" class=\"wp-image-1205 alignright\" src=\"http:\/\/stelga.lt\/wp-content\/uploads\/3-1.jpg\" alt=\"Konvejeri\u0173 montavimas \u2013 Stelga\u201c\" width=\"719\" height=\"389\" srcset=\"https:\/\/www.stelga.lt\/wp-content\/uploads\/3-1.jpg 750w, https:\/\/www.stelga.lt\/wp-content\/uploads\/3-1-300x162.jpg 300w, https:\/\/www.stelga.lt\/wp-content\/uploads\/3-1-705x382.jpg 705w, https:\/\/www.stelga.lt\/wp-content\/uploads\/3-1-450x244.jpg 450w\" sizes=\"(max-width: 719px) 100vw, 719px\" \/><\/p>\n<h3 style=\"text-align: left;\">Konvejeri\u0173 ir pramonin\u0117s \u012frangos montavimas<\/h3>\n<h4 style=\"text-align: justify; text-justify: inter-word;\"><span style=\"font-size: medium;\">Kai ateina laikas atlikti \u012frengim\u0173 ar metalo konstrukcij\u0173 montavimo darbus, galite b\u016bti tikri, kad m\u016bs\u0173 komanda padarys tai kokybi\u0161kai ir laiku. <strong data-start=\"927\" data-end=\"941\">UAB Stelga<\/strong> teikia profesionalias <strong data-start=\"964\" data-end=\"1020\">konvejeri\u0173 ir pramonin\u0117s \u012frangos montavimo paslaugas<\/strong>. U\u017etikriname greit\u0105, tiksl\u0173 ir saug\u0173 \u012frengini\u0173 \u012frengim\u0105 j\u016bs\u0173 gamybos patalpose.<\/span><\/h4>\n<h3><span style=\"font-size: 16px;\">Montavimo procesas:<\/span><\/h3>\n<ol>\n<li style=\"text-align: justify; text-justify: inter-word;\">\n<h4>\u012erangos pristatymas \u012f objekt\u0105<\/h4>\n<\/li>\n<li style=\"text-align: justify; text-justify: inter-word;\">\n<h4>Konstrukcij\u0173 surinkimas ir sumontavimas<\/h4>\n<\/li>\n<li style=\"text-align: justify; text-justify: inter-word;\">\n<h4>Elektrin\u0117s dalies pajungimas (jei reikia)<\/h4>\n<\/li>\n<li style=\"text-align: justify; text-justify: inter-word;\">\n<h4>Testavimas ir paleidimas<\/h4>\n<\/li>\n<li style=\"text-align: justify; text-justify: inter-word;\">\n<h4>Darbuotoj\u0173 instruktavimas d\u0117l naudojimo<\/h4>\n<\/li>\n<\/ol>\n<\/div><\/section><\/div><div style=' margin-top:30px; margin-bottom:30px;'  class='hr hr-custom hr-center hr-icon-no '><span class='hr-inner   inner-border-av-border-fat' style=' width:2000px; border-color:#b02b2c;' ><span class='hr-inner-style'><\/span><\/span><\/div><\/p>\n<div style='padding-bottom:0px;color:#565656;font-size:40px;' class='av-special-heading av-special-heading-h1 custom-color-heading blockquote classic-quote   av-inherit-size'><h1 class='av-special-heading-tag'  itemprop=\"headline\"  >Mes atsakingai \u017ei\u016brime \u012f kiekvien\u0105 detal\u0119, kad gal\u0117tume u\u017etikrinti nepriekai\u0161ting\u0105 \u012frangos veikim\u0105.<\/h1><div class='special-heading-border'><div class='special-heading-inner-border' style='border-color:#565656'><\/div><\/div><\/div>\n<div style=' margin-top:30px; margin-bottom:30px;'  class='hr hr-custom hr-center hr-icon-no '><span class='hr-inner   inner-border-av-border-fat' style=' width:2000px; border-color:#b02b2c;' ><span class='hr-inner-style'><\/span><\/span><\/div>\n<div class=\"flex_column av_one_third  flex_column_div av-zero-column-padding first  \" style='border-radius:0px; '><div class='avia-icon-list-container '><ul class='avia-icon-list avia-icon-list-left av-iconlist-big avia_animate_when_almost_visible'>\n<li><div  style='background-color:#ffffff; border:1px solid #000000; color:#000000; ' class='iconlist_icon  avia-font-entypo-fontello'><span class='iconlist-char' aria-hidden='true' data-av_icon='\ue812' data-av_iconfont='entypo-fontello'><\/span><\/div><article class=\"article-icon-entry \"  itemscope=\"itemscope\" itemtype=\"https:\/\/schema.org\/CreativeWork\" ><div class='iconlist_content_wrap'><header class=\"entry-content-header\"><h4 class='av_iconlist_title iconlist_title '  itemprop=\"headline\"  >Saugumas<\/h4><\/header><div class='iconlist_content '  itemprop=\"text\"  ><p>Pirmiausia \u2013 <strong data-start=\"397\" data-end=\"451\">saugus konvejeri\u0173 ir pramonin\u0117s \u012frangos montavimas<\/strong>. Garantaujame, kad visa nauja \u012franga bus sumontuota pagal tarptautinius standartus, u\u017etikrinant maksimal\u0173 darbo saugum\u0105 ir patikim\u0105 eksploatacij\u0105.<\/p>\n<\/div><\/div><footer class=\"entry-footer\"><\/footer><\/article><div class='iconlist-timeline'><\/div><\/li>\n<\/ul><\/div><\/div>\n<div class=\"flex_column av_one_third  flex_column_div av-zero-column-padding   \" style='border-radius:0px; '><div class='avia-icon-list-container '><ul class='avia-icon-list avia-icon-list-left av-iconlist-big avia_animate_when_almost_visible'>\n<li><div  style='background-color:#ffffff; border:1px solid #000000; color:#000000; ' class='iconlist_icon  avia-font-entypo-fontello'><span class='iconlist-char' aria-hidden='true' data-av_icon='\ue812' data-av_iconfont='entypo-fontello'><\/span><\/div><article class=\"article-icon-entry \"  itemscope=\"itemscope\" itemtype=\"https:\/\/schema.org\/CreativeWork\" ><div class='iconlist_content_wrap'><header class=\"entry-content-header\"><h4 class='av_iconlist_title iconlist_title '  itemprop=\"headline\"  >Lankstumas<\/h4><\/header><div class='iconlist_content '  itemprop=\"text\"  ><p>Montavimo darbus planuojame taip, kad jie kuo ma\u017eiau trikdyt\u0173 j\u016bs\u0173 gamybos procesus. Esant poreikiui, darbus atliekame etapais, kad <strong data-start=\"756\" data-end=\"781\">konvejeri\u0173 montavimas<\/strong> ar <strong data-start=\"785\" data-end=\"823\">nestandartini\u0173 \u012frengini\u0173 \u012frengimas<\/strong> vykt\u0173 be ilgo gamybos sustabdymo.<\/p>\n<\/div><\/div><footer class=\"entry-footer\"><\/footer><\/article><div class='iconlist-timeline'><\/div><\/li>\n<\/ul><\/div><\/div>\n<div class=\"flex_column av_one_third  flex_column_div av-zero-column-padding   \" style='border-radius:0px; '><div class='avia-icon-list-container '><ul class='avia-icon-list avia-icon-list-left av-iconlist-big avia_animate_when_almost_visible'>\n<li><div  style='background-color:#ffffff; border:1px solid #000000; color:#000000; ' class='iconlist_icon  avia-font-entypo-fontello'><span class='iconlist-char' aria-hidden='true' data-av_icon='\ue812' data-av_iconfont='entypo-fontello'><\/span><\/div><article class=\"article-icon-entry \"  itemscope=\"itemscope\" itemtype=\"https:\/\/schema.org\/CreativeWork\" ><div class='iconlist_content_wrap'><header class=\"entry-content-header\"><h4 class='av_iconlist_title iconlist_title '  itemprop=\"headline\"  >Greitis<\/h4><\/header><div class='iconlist_content '  itemprop=\"text\"  ><p>Prie\u0161 atvykstant pas jus pasir\u016bpiname reikalinga \u012franga, detal\u0117mis ir med\u017eiagomis. Tai leid\u017eia mums u\u017etikrinti, kad <strong data-start=\"996\" data-end=\"1046\">aptarnavimo platform\u0173 ir konvejeri\u0173 montavimas<\/strong> vyks skland\u017eiai, greitai ir pagal sutartus terminus.<\/p>\n<\/div><\/div><footer class=\"entry-footer\"><\/footer><\/article><div class='iconlist-timeline'><\/div><\/li>\n<\/ul><\/div><\/div>\n<\/div><\/div><\/div><!-- close content main div --><\/div><\/div><div id='av_section_1' class='avia-section main_color avia-section-no-padding avia-no-border-styling avia-bg-style-scroll  av-minimum-height av-minimum-height-25 container_wrap sidebar_right' style = 'background-color: #e1e1e0; '  ><div class='container' ><div class='template-page content  av-content-small alpha units'><div class='post-entry post-entry-type-page post-entry-1416'><div class='entry-content-wrapper clearfix'>\n<section class=\"av_textblock_section\"  itemscope=\"itemscope\" itemtype=\"https:\/\/schema.org\/CreativeWork\" ><div class='avia_textblock  av_inherit_color'  style='font-size:40px; color:#666666; '  itemprop=\"text\" ><p style=\"text-align: center;\">Turite id\u0117j\u0105?<\/p>\n<\/div><\/section>\n<div class='avia-button-wrap avia-button-center '><a href=\"http:\/\/stelga.lt\/lt\/kontaktai\/\" class=\"avia-button  avia-icon_select-yes-left-icon avia-color-grey avia-size-x-large avia-position-center \" target=\"_blank\" rel=\"noopener\"><span class='avia_button_icon avia_button_icon_left ' aria-hidden='true' data-av_icon='\ue805' data-av_iconfont='entypo-fontello'><\/span><span class='avia_iconbox_title' >Susisiekime<\/span><\/a><\/div>\n<div style=' margin-top:20px; margin-bottom:0px;'  class='hr hr-custom hr-center hr-icon-no '><span class='hr-inner   inner-border-av-border-none' style=' width:50px;' ><span class='hr-inner-style'><\/span><\/span><\/div>\n<\/div><\/div><\/div><!-- close content main div --><\/div><\/div><div id='after_section_1' class='main_color av_default_container_wrap container_wrap sidebar_right'   ><div class='container' ><div class='template-page content  av-content-small alpha units'><div class='post-entry post-entry-type-page post-entry-1416'><div class='entry-content-wrapper clearfix'>\n","protected":false},"excerpt":{"rendered":"","protected":false},"author":1,"featured_media":0,"parent":0,"menu_order":0,"comment_status":"closed","ping_status":"closed","template":"","meta":{"_monsterinsights_skip_tracking":false,"_monsterinsights_sitenote_active":false,"_monsterinsights_sitenote_note":"","_monsterinsights_sitenote_category":0,"footnotes":""},"_links":{"self":[{"href":"https:\/\/www.stelga.lt\/lt\/wp-json\/wp\/v2\/pages\/1416"}],"collection":[{"href":"https:\/\/www.stelga.lt\/lt\/wp-json\/wp\/v2\/pages"}],"about":[{"href":"https:\/\/www.stelga.lt\/lt\/wp-json\/wp\/v2\/types\/page"}],"author":[{"embeddable":true,"href":"https:\/\/www.stelga.lt\/lt\/wp-json\/wp\/v2\/users\/1"}],"replies":[{"embeddable":true,"href":"https:\/\/www.stelga.lt\/lt\/wp-json\/wp\/v2\/comments?post=1416"}],"version-history":[{"count":29,"href":"https:\/\/www.stelga.lt\/lt\/wp-json\/wp\/v2\/pages\/1416\/revisions"}],"predecessor-version":[{"id":2417,"href":"https:\/\/www.stelga.lt\/lt\/wp-json\/wp\/v2\/pages\/1416\/revisions\/2417"}],"wp:attachment":[{"href":"https:\/\/www.stelga.lt\/lt\/wp-json\/wp\/v2\/media?parent=1416"}],"curies":[{"name":"wp","href":"https:\/\/api.w.org\/{rel}","templated":true}]}}