{"id":1457,"date":"2017-06-18T17:25:31","date_gmt":"2017-06-18T17:25:31","guid":{"rendered":"http:\/\/stelga.lt\/apie-mus\/"},"modified":"2025-09-15T12:07:18","modified_gmt":"2025-09-15T12:07:18","slug":"apie-mus-konvejeriu-gamyba","status":"publish","type":"page","link":"https:\/\/www.stelga.lt\/lt\/apie-mus-konvejeriu-gamyba\/","title":{"rendered":"Apie Mus"},"content":{"rendered":"<div class=\"flex_column av_one_full  flex_column_div av-zero-column-padding first  \" style='border-radius:0px; '><section class=\"av_textblock_section\"  itemscope=\"itemscope\" itemtype=\"https:\/\/schema.org\/CreativeWork\" ><div class='avia_textblock  av_inherit_color'   itemprop=\"text\" ><h1 style=\"text-align: center;\"><\/h1>\n<p><img loading=\"lazy\" decoding=\"async\" class=\"wp-image-1206 alignright\" title=\"Konvejeri\u0173 gamyba, projektavimas ir montavimas\" src=\"https:\/\/www.stelga.lt\/wp-content\/uploads\/4-2.jpg\" alt=\"Konvejeri\u0173 gamyba, projektavimas ir montavimas\" width=\"751\" height=\"407\" srcset=\"https:\/\/www.stelga.lt\/wp-content\/uploads\/4-2.jpg 750w, https:\/\/www.stelga.lt\/wp-content\/uploads\/4-2-300x162.jpg 300w, https:\/\/www.stelga.lt\/wp-content\/uploads\/4-2-705x382.jpg 705w, https:\/\/www.stelga.lt\/wp-content\/uploads\/4-2-450x244.jpg 450w\" sizes=\"(max-width: 751px) 100vw, 751px\" \/><\/p>\n<h1><\/h1>\n<h3 style=\"text-align: left;\">UAB <strong data-start=\"457\" data-end=\"467\">Stelgos pagrindin\u0117 veikla:<\/strong><\/h3>\n<h4 style=\"text-align: left;\">projektavimas, konvejeri\u0173 gamyba<strong data-start=\"484\" data-end=\"533\">, metalo konstrukcij\u0173 gamyba ir montavimas. <\/strong>Projektuojame ir gaminame <strong data-start=\"569\" data-end=\"610\">juostinius, sraigtinius, grandininius<\/strong> bei kitus pramoninius konvejerius, pritaikytus skirtingoms pramon\u0117s \u0161akoms. M\u016bs\u0173 tikslas \u2013 u\u017etikrinti efektyv\u0173 med\u017eiag\u0173 transportavim\u0105, patikim\u0105 \u012frangos veikim\u0105 ir ilgaam\u017e\u0119 kokyb\u0119.<\/h4>\n<h3 style=\"text-align: left;\" data-start=\"1715\" data-end=\"1752\">Kod\u0117l verta rinktis Stelga?<\/h3>\n<ul data-start=\"1753\" data-end=\"2029\">\n<li style=\"text-align: left;\" data-start=\"1753\" data-end=\"1862\">\n<h4 data-start=\"1755\" data-end=\"1862\">Patirtis \u012fvairiose pramon\u0117s \u0161akose (maisto, medienos, granulini\u0173 med\u017eiag\u0173, atliek\u0173 tvarkymo sektoriuose);<\/h4>\n<\/li>\n<li style=\"text-align: left;\" data-start=\"1863\" data-end=\"1916\">\n<h4 data-start=\"1865\" data-end=\"1916\">Auk\u0161\u010diausia gamybos kokyb\u0117 ir termin\u0173 laikymasis;<\/h4>\n<\/li>\n<li style=\"text-align: left;\" data-start=\"1917\" data-end=\"1970\">\n<h4 data-start=\"1919\" data-end=\"1970\">Individual\u016bs sprendimai pagal u\u017esakovo poreikius, \u012fvairiausi\u0173 konvejeri\u0173 gamyba;<\/h4>\n<\/li>\n<li data-start=\"1971\" data-end=\"2029\">\n<h4 style=\"text-align: left;\" data-start=\"1973\" data-end=\"2029\">Nuo id\u0117jos iki pilnai sumontuotos konvejeri\u0173 sistemos.<\/h4>\n<\/li>\n<\/ul>\n<\/div><\/section><br \/>\n<div  class='hr hr-default '><span class='hr-inner ' ><span class='hr-inner-style'><\/span><\/span><\/div><br \/>\n<section class=\"av_textblock_section\"  itemscope=\"itemscope\" itemtype=\"https:\/\/schema.org\/CreativeWork\" ><div class='avia_textblock '  style='font-size:23px; '  itemprop=\"text\" ><p><img loading=\"lazy\" decoding=\"async\" class=\"aligncenter wp-image-1800 size-large\" src=\"https:\/\/www.stelga.lt\/wp-content\/uploads\/Stelga-diplomas-1030x728.jpg\" alt=\"\" width=\"1030\" height=\"728\" srcset=\"https:\/\/www.stelga.lt\/wp-content\/uploads\/Stelga-diplomas-1030x728.jpg 1030w, https:\/\/www.stelga.lt\/wp-content\/uploads\/Stelga-diplomas-300x212.jpg 300w, https:\/\/www.stelga.lt\/wp-content\/uploads\/Stelga-diplomas-768x543.jpg 768w, https:\/\/www.stelga.lt\/wp-content\/uploads\/Stelga-diplomas-1500x1061.jpg 1500w, https:\/\/www.stelga.lt\/wp-content\/uploads\/Stelga-diplomas-260x185.jpg 260w, https:\/\/www.stelga.lt\/wp-content\/uploads\/Stelga-diplomas-705x499.jpg 705w, https:\/\/www.stelga.lt\/wp-content\/uploads\/Stelga-diplomas-450x318.jpg 450w\" sizes=\"(max-width: 1030px) 100vw, 1030px\" \/><\/p>\n<\/div><\/section><br \/>\n<section class=\"av_textblock_section\"  itemscope=\"itemscope\" itemtype=\"https:\/\/schema.org\/CreativeWork\" ><div class='avia_textblock '   itemprop=\"text\" ><p><img loading=\"lazy\" decoding=\"async\" class=\"alignnone size-large wp-image-1909 aligncenter\" src=\"https:\/\/www.stelga.lt\/wp-content\/uploads\/Certificate_-_2021-03-18T155854.317-813x1030.jpg\" alt=\"\" width=\"813\" height=\"1030\" srcset=\"https:\/\/www.stelga.lt\/wp-content\/uploads\/Certificate_-_2021-03-18T155854.317-813x1030.jpg 813w, https:\/\/www.stelga.lt\/wp-content\/uploads\/Certificate_-_2021-03-18T155854.317-237x300.jpg 237w, https:\/\/www.stelga.lt\/wp-content\/uploads\/Certificate_-_2021-03-18T155854.317-768x973.jpg 768w, https:\/\/www.stelga.lt\/wp-content\/uploads\/Certificate_-_2021-03-18T155854.317-1184x1500.jpg 1184w, https:\/\/www.stelga.lt\/wp-content\/uploads\/Certificate_-_2021-03-18T155854.317-556x705.jpg 556w, https:\/\/www.stelga.lt\/wp-content\/uploads\/Certificate_-_2021-03-18T155854.317-450x570.jpg 450w, https:\/\/www.stelga.lt\/wp-content\/uploads\/Certificate_-_2021-03-18T155854.317.jpg 1415w\" sizes=\"(max-width: 813px) 100vw, 813px\" \/><\/p>\n<\/div><\/section><\/p><\/div><div style=' margin-top:30px; margin-bottom:30px;'  class='hr hr-custom hr-center hr-icon-no '><span class='hr-inner   inner-border-av-border-fat' style=' width:2000px; border-color:#b02b2c;' ><span class='hr-inner-style'><\/span><\/span><\/div><\/p>\n<div style='padding-bottom:0px;color:#565656;font-size:40px;' class='av-special-heading av-special-heading-h1 custom-color-heading blockquote classic-quote   av-inherit-size'><h1 class='av-special-heading-tag'  itemprop=\"headline\"  >M\u016bs\u0173 Klientai<\/h1><div class='special-heading-border'><div class='special-heading-inner-border' style='border-color:#565656'><\/div><\/div><\/div>\n<div style=' margin-top:30px; margin-bottom:30px;'  class='hr hr-custom hr-center hr-icon-no '><span class='hr-inner   inner-border-av-border-fat' style=' width:2000px; border-color:#b02b2c;' ><span class='hr-inner-style'><\/span><\/span><\/div>\n<div class='avia-image-container  av-styling-   avia-align-center '  itemscope=\"itemscope\" itemtype=\"https:\/\/schema.org\/ImageObject\"  ><div class='avia-image-container-inner'><img class='avia_image ' src='https:\/\/www.stelga.lt\/wp-content\/uploads\/logotipai-gray-1-1500x413-1-1030x284.png' alt='' title='logotipai-gray-1-1500x413'   itemprop=\"thumbnailUrl\"  \/><\/div><\/div>\n","protected":false},"excerpt":{"rendered":"","protected":false},"author":1,"featured_media":0,"parent":0,"menu_order":0,"comment_status":"closed","ping_status":"closed","template":"","meta":{"_monsterinsights_skip_tracking":false,"_monsterinsights_sitenote_active":false,"_monsterinsights_sitenote_note":"","_monsterinsights_sitenote_category":0,"footnotes":""},"_links":{"self":[{"href":"https:\/\/www.stelga.lt\/lt\/wp-json\/wp\/v2\/pages\/1457"}],"collection":[{"href":"https:\/\/www.stelga.lt\/lt\/wp-json\/wp\/v2\/pages"}],"about":[{"href":"https:\/\/www.stelga.lt\/lt\/wp-json\/wp\/v2\/types\/page"}],"author":[{"embeddable":true,"href":"https:\/\/www.stelga.lt\/lt\/wp-json\/wp\/v2\/users\/1"}],"replies":[{"embeddable":true,"href":"https:\/\/www.stelga.lt\/lt\/wp-json\/wp\/v2\/comments?post=1457"}],"version-history":[{"count":29,"href":"https:\/\/www.stelga.lt\/lt\/wp-json\/wp\/v2\/pages\/1457\/revisions"}],"predecessor-version":[{"id":2478,"href":"https:\/\/www.stelga.lt\/lt\/wp-json\/wp\/v2\/pages\/1457\/revisions\/2478"}],"wp:attachment":[{"href":"https:\/\/www.stelga.lt\/lt\/wp-json\/wp\/v2\/media?parent=1457"}],"curies":[{"name":"wp","href":"https:\/\/api.w.org\/{rel}","templated":true}]}}