{"id":1765,"date":"2019-02-05T15:38:25","date_gmt":"2019-02-05T15:38:25","guid":{"rendered":"http:\/\/stelga.lt\/?page_id=1765"},"modified":"2025-09-15T11:44:21","modified_gmt":"2025-09-15T11:44:21","slug":"www-stelga-lt-metalo-apdirbimas","status":"publish","type":"page","link":"https:\/\/www.stelga.lt\/lt\/www-stelga-lt-metalo-apdirbimas\/","title":{"rendered":"Metalo apdirbimas"},"content":{"rendered":"<\/div><\/div><\/div><!-- close content main div --><\/div><\/div><div id='sub_menu1' class='av-submenu-container header_color  container_wrap sidebar_right'   style='z-index:301'><div class='container av-menu-mobile-disabled '><ul id='av-custom-submenu-1' class='av-subnav-menu av-submenu-pos-center'>\n<li class='menu-item menu-item-top-level  menu-item-top-level-1'><a href=\"http:\/\/stelga.lt\/lt\/projektavimas\/\" target=\"_blank\" rel=\"noopener\"><span class='avia-bullet'><\/span><span class='avia-menu-text'>Projektavimas<\/span><\/a><\/li>\n<li class='menu-item menu-item-top-level  menu-item-top-level-2'><a href=\"http:\/\/stelga.lt\/lt\/gamyba\/\" target=\"_blank\" rel=\"noopener\"><span class='avia-bullet'><\/span><span class='avia-menu-text'>Gamyba<\/span><\/a><\/li>\n<li class='menu-item menu-item-top-level  menu-item-top-level-3'><a href=\"http:\/\/stelga.lt\/lt\/montavimas\/\" target=\"_blank\" rel=\"noopener\"><span class='avia-bullet'><\/span><span class='avia-menu-text'>Montavimas<\/span><\/a><\/li>\n<li class='menu-item menu-item-top-level  menu-item-top-level-4'><a href=\"https:\/\/www.stelga.lt\/lt\/www-stelga-lt-metalo-apdirbimas\/\"><span class='avia-bullet'><\/span><span class='avia-menu-text'>Metalo apdirbimas<\/span><\/a><\/li>\n<\/ul><\/div><\/div>\n<\/div><\/div><\/div><!-- close content main div --><\/div><\/div><div id='av-layout-grid-1' class='av-layout-grid-container entry-content-wrapper main_color av-flex-cells  container_wrap sidebar_right'   >\n<div class=\"flex_cell no_margin av_one_fourth   \" style='vertical-align:top; padding:30px; '><div class='flex_cell_inner' ><div class='avia-image-container avia_animated_image avia_animate_when_almost_visible fade-in av-styling-  noHover  av-overlay-hover-deactivate  avia-align-center '  itemscope=\"itemscope\" itemtype=\"https:\/\/schema.org\/ImageObject\"  ><div class='avia-image-container-inner'><a href=\"https:\/\/www.stelga.lt\/wp-content\/uploads\/IMG_5663-1030x773.jpg\" class=\"avia_image\"><div class='av-image-caption-overlay'><div class='av-caption-image-overlay-bg' style='opacity:0.4; background-color:#000000; '><\/div><div class='av-image-caption-overlay-position'><div class='av-image-caption-overlay-center' style='color:#ffffff; '><\/div><\/div><\/div><img class='avia_image ' src='https:\/\/www.stelga.lt\/wp-content\/uploads\/IMG_5663-1030x773.jpg' alt='' title='IMG_5663'  itemprop=\"thumbnailUrl\"  \/><\/a><\/div><\/div>\n<\/div><\/div><div class=\"flex_cell no_margin av_one_fourth   \" style='vertical-align:top; padding:30px; '><div class='flex_cell_inner' ><div class='avia-image-container avia_animated_image avia_animate_when_almost_visible fade-in av-styling-  noHover  av-overlay-hover-deactivate  avia-align-center '  itemscope=\"itemscope\" itemtype=\"https:\/\/schema.org\/ImageObject\"  ><div class='avia-image-container-inner'><a href=\"https:\/\/www.stelga.lt\/wp-content\/uploads\/IMG_5664-1030x773.jpg\" class=\"avia_image\"><div class='av-image-caption-overlay'><div class='av-caption-image-overlay-bg' style='opacity:0.4; background-color:#000000; '><\/div><div class='av-image-caption-overlay-position'><div class='av-image-caption-overlay-center' style='color:#ffffff; '><\/div><\/div><\/div><img class='avia_image ' src='https:\/\/www.stelga.lt\/wp-content\/uploads\/IMG_5664-495x400.jpg' alt='' title='IMG_5664'  itemprop=\"thumbnailUrl\"  \/><\/a><\/div><\/div>\n<\/div><\/div><div class=\"flex_cell no_margin av_one_fourth   \" style='vertical-align:top; padding:30px; '><div class='flex_cell_inner' ><div class='avia-image-container avia_animated_image avia_animate_when_almost_visible fade-in av-styling-  noHover  av-overlay-hover-deactivate  avia-align-center '  itemscope=\"itemscope\" itemtype=\"https:\/\/schema.org\/ImageObject\"  ><div class='avia-image-container-inner'><a href=\"https:\/\/www.stelga.lt\/wp-content\/uploads\/IMG_5665-1030x773.jpg\" class=\"avia_image\"><div class='av-image-caption-overlay'><div class='av-caption-image-overlay-bg' style='opacity:0.4; background-color:#000000; '><\/div><div class='av-image-caption-overlay-position'><div class='av-image-caption-overlay-center' style='color:#ffffff; '><\/div><\/div><\/div><img class='avia_image ' src='https:\/\/www.stelga.lt\/wp-content\/uploads\/IMG_5665-495x400.jpg' alt='' title='IMG_5665'  itemprop=\"thumbnailUrl\"  \/><\/a><\/div><\/div>\n<\/div><\/div><div class=\"flex_cell no_margin av_one_fourth   \" style='vertical-align:top; padding:30px; '><div class='flex_cell_inner' ><div class='avia-image-container avia_animated_image avia_animate_when_almost_visible fade-in av-styling-  noHover  av-overlay-hover-deactivate  avia-align-center '  itemscope=\"itemscope\" itemtype=\"https:\/\/schema.org\/ImageObject\"  ><div class='avia-image-container-inner'><a href=\"https:\/\/www.stelga.lt\/wp-content\/uploads\/IMG_5666-773x1030.jpg\" class=\"avia_image\"><div class='av-image-caption-overlay'><div class='av-caption-image-overlay-bg' style='opacity:0.4; background-color:#000000; '><\/div><div class='av-image-caption-overlay-position'><div class='av-image-caption-overlay-center' style='color:#ffffff; '><\/div><\/div><\/div><img class='avia_image ' src='https:\/\/www.stelga.lt\/wp-content\/uploads\/IMG_5666-495x400.jpg' alt='' title='IMG_5666'  itemprop=\"thumbnailUrl\"  \/><\/a><\/div><\/div>\n<\/div><\/div>\n<\/div>\n<div class=\"flex_column av_one_full  flex_column_div av-zero-column-padding first  \" style='border-radius:0px; '><section class=\"av_textblock_section\"  itemscope=\"itemscope\" itemtype=\"https:\/\/schema.org\/CreativeWork\" ><div class='avia_textblock '   itemprop=\"text\" ><h1 style=\"text-align: left;\"><\/h1>\n<h3>Metalo apdirbimas \u2013 lankstymas, tekinimas, \u0161lifavimas<\/h3>\n<h4><strong style=\"font-size: 16px;\" data-start=\"1095\" data-end=\"1109\">UAB Stelga<\/strong><span style=\"font-size: 16px;\"> si\u016blo profesionalias <\/span><strong style=\"font-size: 16px;\" data-start=\"1131\" data-end=\"1161\">metalo apdirbimo paslaugas<\/strong><span style=\"font-size: 16px;\"> \u012fmon\u0117ms ir gamybos sektoriui. Naudodami modernias stakles u\u017etikriname auk\u0161t\u0105 tikslum\u0105, greit\u0105 gamyb\u0105 ir patikim\u0105 kokyb\u0119. Apdirbame , aliumin\u012f, ner\u016bdijant\u012f plien\u0105 ir kitus metalus pagal individualius u\u017esakymus.<\/span><\/h4>\n<\/div><\/section><\/div>\n<div  class='hr hr-default '><span class='hr-inner ' ><span class='hr-inner-style'><\/span><\/span><\/div>\n<section class=\"av_textblock_section\"  itemscope=\"itemscope\" itemtype=\"https:\/\/schema.org\/CreativeWork\" ><div class='avia_textblock '   itemprop=\"text\" ><div>\n<h3>Suvirinimo darbai (TIG ir MIG\/MAG)<\/h3>\n<ul>\n<li>\n<h4>Atliekame \u012fvairius <strong data-start=\"258\" data-end=\"279\">suvirinimo darbus<\/strong>, naudodami <strong data-start=\"291\" data-end=\"323\">TIG ir MIG\/MAG technologijas<\/strong>. Tai leid\u017eia suvirinti plien\u0105, ner\u016bdijant\u012f plien\u0105 bei aliumin\u012f, u\u017etikrinant si\u016bl\u0117s tvirtum\u0105 ir kokyb\u0119. M\u016bs\u0173 suvirintojai dirba pagal auk\u0161tus pramon\u0117s standartus, tod\u0117l gaminiai atitinka tiek techninius, tiek estetinius reikalavimus. Suvirinimo darbai gali b\u016bti derinami su kitais metalo apdirbimo procesais \u2013 <strong data-start=\"633\" data-end=\"680\">lankstymu, tekinimu ar \u0161lifavimu<\/strong>.<\/h4>\n<\/li>\n<\/ul>\n<h3>Metalo lankstymas<\/h3>\n<ul>\n<li data-start=\"1419\" data-end=\"1648\">\n<h4>naudodami AMADA HFT 100-3 ir DENER XL 3000 x 220 hidraulines stakles atliekame \u012fvairi\u0173 metalo lak\u0161t\u0173 lankstym\u0105. U\u017etikriname didel\u012f tikslum\u0105, pakartojamum\u0105 ir galimyb\u0119 gaminti tiek vienetinius, tiek serijinius u\u017esakymus.<\/h4>\n<\/li>\n<\/ul>\n<h3 data-start=\"1419\" data-end=\"1648\">CNC tekinimas<\/h3>\n<\/div>\n<div>\n<ul>\n<li data-start=\"1679\" data-end=\"1906\">\n<h4>Su moderniomis CNC tekinimo stakl\u0117mis DOOSAN Lynx 220 atliekame \u012fvairi\u0173 detali\u0173 tekinim\u0105 i\u0161 plieno, aliuminio ir kit\u0173 metal\u0173. U\u017etikriname didel\u012f tikslum\u0105, pavir\u0161iaus kokyb\u0119 ir greit\u0105 gamyb\u0105 pagal br\u0117\u017einius ar 3D modelius.<\/h4>\n<\/li>\n<\/ul>\n<h3>Metalo \u0161lifavimas ir pavir\u0161iaus apdirbimas<\/h3>\n<ul>\n<li>\n<h4>Naudodami MADORA stakles atliekame metalo \u0161lifavimo ir pavir\u0161iaus apdirbimo darbus. Tai u\u017etikrina auk\u0161t\u0105 estetin\u0119 i\u0161vaizd\u0105, lyg\u0173 pavir\u0161i\u0173 bei paruo\u0161im\u0105 da\u017eymui ar kitoms apdailos operacijoms.<\/h4>\n<\/li>\n<\/ul>\n<h4 data-start=\"1419\" data-end=\"1648\"><\/h4>\n<\/div>\n<\/div><\/section>\n<\/div><\/div><\/div><!-- close content main div --><\/div><\/div><div id='av_section_1' class='avia-section main_color avia-section-no-padding avia-no-border-styling avia-bg-style-scroll  av-minimum-height av-minimum-height-25 container_wrap sidebar_right' style = 'background-color: #e1e1e0; '  ><div class='container' ><div class='template-page content  av-content-small alpha units'><div class='post-entry post-entry-type-page post-entry-1765'><div class='entry-content-wrapper clearfix'>\n<section class=\"av_textblock_section\"  itemscope=\"itemscope\" itemtype=\"https:\/\/schema.org\/CreativeWork\" ><div class='avia_textblock  av_inherit_color'  style='font-size:40px; color:#666666; '  itemprop=\"text\" ><p style=\"text-align: center;\">Turite id\u0117j\u0105?<\/p>\n<\/div><\/section>\n<div class='avia-button-wrap avia-button-center '><a href=\"http:\/\/stelga.lt\/lt\/kontaktai\/\" class=\"avia-button  avia-icon_select-yes-left-icon avia-color-grey avia-size-x-large avia-position-center \" target=\"_blank\" rel=\"noopener\"><span class='avia_button_icon avia_button_icon_left ' aria-hidden='true' data-av_icon='\ue805' data-av_iconfont='entypo-fontello'><\/span><span class='avia_iconbox_title' >Susisiekime<\/span><\/a><\/div>\n<div style=' margin-top:20px; margin-bottom:0px;'  class='hr hr-custom hr-center hr-icon-no '><span class='hr-inner   inner-border-av-border-none' style=' width:50px;' ><span class='hr-inner-style'><\/span><\/span><\/div>\n<\/div><\/div><\/div><!-- close content main div --><\/div><\/div><div id='after_section_1' class='main_color av_default_container_wrap container_wrap sidebar_right'   ><div class='container' ><div class='template-page content  av-content-small alpha units'><div class='post-entry post-entry-type-page post-entry-1765'><div class='entry-content-wrapper clearfix'>\n","protected":false},"excerpt":{"rendered":"","protected":false},"author":1,"featured_media":0,"parent":0,"menu_order":0,"comment_status":"closed","ping_status":"closed","template":"","meta":{"_monsterinsights_skip_tracking":false,"_monsterinsights_sitenote_active":false,"_monsterinsights_sitenote_note":"","_monsterinsights_sitenote_category":0,"footnotes":""},"_links":{"self":[{"href":"https:\/\/www.stelga.lt\/lt\/wp-json\/wp\/v2\/pages\/1765"}],"collection":[{"href":"https:\/\/www.stelga.lt\/lt\/wp-json\/wp\/v2\/pages"}],"about":[{"href":"https:\/\/www.stelga.lt\/lt\/wp-json\/wp\/v2\/types\/page"}],"author":[{"embeddable":true,"href":"https:\/\/www.stelga.lt\/lt\/wp-json\/wp\/v2\/users\/1"}],"replies":[{"embeddable":true,"href":"https:\/\/www.stelga.lt\/lt\/wp-json\/wp\/v2\/comments?post=1765"}],"version-history":[{"count":22,"href":"https:\/\/www.stelga.lt\/lt\/wp-json\/wp\/v2\/pages\/1765\/revisions"}],"predecessor-version":[{"id":2419,"href":"https:\/\/www.stelga.lt\/lt\/wp-json\/wp\/v2\/pages\/1765\/revisions\/2419"}],"wp:attachment":[{"href":"https:\/\/www.stelga.lt\/lt\/wp-json\/wp\/v2\/media?parent=1765"}],"curies":[{"name":"wp","href":"https:\/\/api.w.org\/{rel}","templated":true}]}}