{"id":1527,"date":"2018-01-11T17:05:38","date_gmt":"2018-01-11T17:05:38","guid":{"rendered":"http:\/\/stelga.lt\/?page_id=1527"},"modified":"2021-04-23T07:41:49","modified_gmt":"2021-04-23T07:41:49","slug":"about-us","status":"publish","type":"page","link":"https:\/\/www.stelga.lt\/sv\/about-us\/","title":{"rendered":"Om Oss"},"content":{"rendered":"<div class=\"flex_column av_one_full  flex_column_div av-zero-column-padding first  \" style='border-radius:0px; '><section class=\"av_textblock_section\"  itemscope=\"itemscope\" itemtype=\"https:\/\/schema.org\/CreativeWork\" ><div class='avia_textblock '   itemprop=\"text\" ><h1 style=\"text-align: left;\">Om Oss<img loading=\"lazy\" decoding=\"async\" class=\"size-full wp-image-1206 alignleft\" src=\"http:\/\/stelga.lt\/wp-content\/uploads\/4-2.jpg\" alt=\"\" width=\"750\" height=\"406\" srcset=\"https:\/\/www.stelga.lt\/wp-content\/uploads\/4-2.jpg 750w, https:\/\/www.stelga.lt\/wp-content\/uploads\/4-2-300x162.jpg 300w, https:\/\/www.stelga.lt\/wp-content\/uploads\/4-2-705x382.jpg 705w, https:\/\/www.stelga.lt\/wp-content\/uploads\/4-2-450x244.jpg 450w\" sizes=\"(max-width: 750px) 100vw, 750px\" \/><\/h1>\n<h3 style=\"text-align: justify; text-justify: inter-word;\"><span style=\"font-size: medium;\">STELGA \u00e4r en p\u00e5litlig partner inom design, tillverkning och installation av industriutrustning. V\u00e5rt professionella team st\u00e5r redo att erbjuda er ett brett utbud av tj\u00e4nster. Det finns inga sm\u00e5 eller stora projekt \u2013 det \u00e4r bara nya utmaningar som vi \u00e4r fast beslutna att m\u00f6ta. Experthj\u00e4lpen fr\u00e5n v\u00e5ra specialister och v\u00e5r\u00a0fullt utrustade produktionsanl\u00e4ggning s\u00e4kerst\u00e4ller god kvalitet och snabbt genomf\u00f6rande av projektet<br \/>\n<\/span><\/h3>\n<\/div><\/section><br \/>\n<section class=\"av_textblock_section\"  itemscope=\"itemscope\" itemtype=\"https:\/\/schema.org\/CreativeWork\" ><div class='avia_textblock '   itemprop=\"text\" ><p><img loading=\"lazy\" decoding=\"async\" class=\"size-large wp-image-1797 aligncenter\" src=\"http:\/\/stelga.lt\/wp-content\/uploads\/Stelga-diplomas-en-1030x728.jpg\" alt=\"\" width=\"1030\" height=\"728\" srcset=\"https:\/\/www.stelga.lt\/wp-content\/uploads\/Stelga-diplomas-en-1030x728.jpg 1030w, https:\/\/www.stelga.lt\/wp-content\/uploads\/Stelga-diplomas-en-300x212.jpg 300w, https:\/\/www.stelga.lt\/wp-content\/uploads\/Stelga-diplomas-en-768x543.jpg 768w, https:\/\/www.stelga.lt\/wp-content\/uploads\/Stelga-diplomas-en-1500x1061.jpg 1500w, https:\/\/www.stelga.lt\/wp-content\/uploads\/Stelga-diplomas-en-260x185.jpg 260w, https:\/\/www.stelga.lt\/wp-content\/uploads\/Stelga-diplomas-en-705x499.jpg 705w, https:\/\/www.stelga.lt\/wp-content\/uploads\/Stelga-diplomas-en-450x318.jpg 450w\" sizes=\"(max-width: 1030px) 100vw, 1030px\" \/><\/p>\n<\/div><\/section><br \/>\n<section class=\"av_textblock_section\"  itemscope=\"itemscope\" itemtype=\"https:\/\/schema.org\/CreativeWork\" ><div class='avia_textblock '   itemprop=\"text\" ><p><img loading=\"lazy\" decoding=\"async\" class=\"alignnone size-large wp-image-1910 aligncenter\" src=\"https:\/\/www.stelga.lt\/wp-content\/uploads\/Certificate_-_2021-03-18T155854.317-813x1030.jpg\" alt=\"\" width=\"813\" height=\"1030\" srcset=\"https:\/\/www.stelga.lt\/wp-content\/uploads\/Certificate_-_2021-03-18T155854.317-813x1030.jpg 813w, https:\/\/www.stelga.lt\/wp-content\/uploads\/Certificate_-_2021-03-18T155854.317-237x300.jpg 237w, https:\/\/www.stelga.lt\/wp-content\/uploads\/Certificate_-_2021-03-18T155854.317-768x973.jpg 768w, https:\/\/www.stelga.lt\/wp-content\/uploads\/Certificate_-_2021-03-18T155854.317-1184x1500.jpg 1184w, https:\/\/www.stelga.lt\/wp-content\/uploads\/Certificate_-_2021-03-18T155854.317-556x705.jpg 556w, https:\/\/www.stelga.lt\/wp-content\/uploads\/Certificate_-_2021-03-18T155854.317-450x570.jpg 450w, https:\/\/www.stelga.lt\/wp-content\/uploads\/Certificate_-_2021-03-18T155854.317.jpg 1415w\" sizes=\"(max-width: 813px) 100vw, 813px\" \/><\/p>\n<\/div><\/section><\/p><\/div><div style=' margin-top:30px; margin-bottom:30px;'  class='hr hr-custom hr-center hr-icon-no '><span class='hr-inner   inner-border-av-border-fat' style=' width:2000px; border-color:#b02b2c;' ><span class='hr-inner-style'><\/span><\/span><\/div><\/p>\n<div style='padding-bottom:0px;color:#565656;font-size:40px;' class='av-special-heading av-special-heading-h1 custom-color-heading blockquote classic-quote   av-inherit-size'><h1 class='av-special-heading-tag'  itemprop=\"headline\"  >V\u00c5RA KUNDER<\/h1><div class='special-heading-border'><div class='special-heading-inner-border' style='border-color:#565656'><\/div><\/div><\/div>\n<div style=' margin-top:30px; margin-bottom:30px;'  class='hr hr-custom hr-center hr-icon-no '><span class='hr-inner   inner-border-av-border-fat' style=' width:2000px; border-color:#b02b2c;' ><span class='hr-inner-style'><\/span><\/span><\/div>\n<div class='avia-image-container  av-styling-   avia-align-center '  itemscope=\"itemscope\" itemtype=\"https:\/\/schema.org\/ImageObject\"  ><div class='avia-image-container-inner'><img class='avia_image ' src='https:\/\/www.stelga.lt\/wp-content\/uploads\/logotipai-gray-1-1500x413-1-1030x284.png' alt='' title='logotipai-gray-1-1500x413'   itemprop=\"thumbnailUrl\"  \/><\/div><\/div>\n","protected":false},"excerpt":{"rendered":"","protected":false},"author":1,"featured_media":0,"parent":0,"menu_order":0,"comment_status":"closed","ping_status":"closed","template":"","meta":{"_monsterinsights_skip_tracking":false,"_monsterinsights_sitenote_active":false,"_monsterinsights_sitenote_note":"","_monsterinsights_sitenote_category":0,"footnotes":""},"_links":{"self":[{"href":"https:\/\/www.stelga.lt\/sv\/wp-json\/wp\/v2\/pages\/1527"}],"collection":[{"href":"https:\/\/www.stelga.lt\/sv\/wp-json\/wp\/v2\/pages"}],"about":[{"href":"https:\/\/www.stelga.lt\/sv\/wp-json\/wp\/v2\/types\/page"}],"author":[{"embeddable":true,"href":"https:\/\/www.stelga.lt\/sv\/wp-json\/wp\/v2\/users\/1"}],"replies":[{"embeddable":true,"href":"https:\/\/www.stelga.lt\/sv\/wp-json\/wp\/v2\/comments?post=1527"}],"version-history":[{"count":17,"href":"https:\/\/www.stelga.lt\/sv\/wp-json\/wp\/v2\/pages\/1527\/revisions"}],"predecessor-version":[{"id":2029,"href":"https:\/\/www.stelga.lt\/sv\/wp-json\/wp\/v2\/pages\/1527\/revisions\/2029"}],"wp:attachment":[{"href":"https:\/\/www.stelga.lt\/sv\/wp-json\/wp\/v2\/media?parent=1527"}],"curies":[{"name":"wp","href":"https:\/\/api.w.org\/{rel}","templated":true}]}}