{"id":1583,"date":"2017-02-28T12:49:04","date_gmt":"2017-02-28T12:49:04","guid":{"rendered":"http:\/\/stelga.lt\/design-3d-modeling\/"},"modified":"2021-04-23T07:44:19","modified_gmt":"2021-04-23T07:44:19","slug":"design-3d-modeling","status":"publish","type":"page","link":"https:\/\/www.stelga.lt\/sv\/design-3d-modeling\/","title":{"rendered":"Design och 3D-Modellering"},"content":{"rendered":"<\/div><\/div><\/div><!-- close content main div --><\/div><\/div><div id='sub_menu1' class='av-submenu-container header_color  container_wrap sidebar_right'   style='z-index:301'><div class='container av-menu-mobile-disabled '><ul id='av-custom-submenu-1' class='av-subnav-menu av-submenu-pos-center'>\n<li class='menu-item menu-item-top-level  menu-item-top-level-1'><a href=\"http:\/\/stelga.lt\/sv\/design-3d-modeling\/\" target=\"_blank\" rel=\"noopener\"><span class='avia-bullet'><\/span><span class='avia-menu-text'>Design och 3D-Modellering<\/span><\/a><\/li>\n<li class='menu-item menu-item-top-level  menu-item-top-level-2'><a href=\"http:\/\/stelga.lt\/sv\/fabrication\/\" target=\"_blank\" rel=\"noopener\"><span class='avia-bullet'><\/span><span class='avia-menu-text'>Tillverkning<\/span><\/a><\/li>\n<li class='menu-item menu-item-top-level  menu-item-top-level-3'><a href=\"http:\/\/stelga.lt\/sv\/installation\/\" target=\"_blank\" rel=\"noopener\"><span class='avia-bullet'><\/span><span class='avia-menu-text'>Installation<\/span><\/a><\/li>\n<li class='menu-item menu-item-top-level  menu-item-top-level-4'><a href=\"http:\/\/stelga.lt\/sv\/maintenence\/\" target=\"_blank\" rel=\"noopener\"><span class='avia-bullet'><\/span><span class='avia-menu-text'>Underh\u00e5ll<\/span><\/a><\/li>\n<\/ul><\/div><\/div>\n<div class=\"flex_column av_one_full  flex_column_div av-zero-column-padding first  \" style='border-radius:0px; '><section class=\"av_textblock_section\"  itemscope=\"itemscope\" itemtype=\"https:\/\/schema.org\/CreativeWork\" ><div class='avia_textblock '   itemprop=\"text\" ><h1 style=\"text-align: left;\"><img loading=\"lazy\" decoding=\"async\" class=\"size-full wp-image-1203 alignleft\" src=\"http:\/\/stelga.lt\/wp-content\/uploads\/1-4.jpg\" alt=\"\" width=\"750\" height=\"406\" srcset=\"https:\/\/www.stelga.lt\/wp-content\/uploads\/1-4.jpg 750w, https:\/\/www.stelga.lt\/wp-content\/uploads\/1-4-300x162.jpg 300w, https:\/\/www.stelga.lt\/wp-content\/uploads\/1-4-705x382.jpg 705w, https:\/\/www.stelga.lt\/wp-content\/uploads\/1-4-450x244.jpg 450w\" sizes=\"(max-width: 750px) 100vw, 750px\" \/>Design och 3d-Modellering<\/h1>\n<h3 style=\"text-align: justify; text-justify: inter-word;\"><span style=\"font-size: medium;\">Vi arbetar med er teknik, underh\u00e5ll, produktion, s\u00e4kerhet, och sanitetsavdelningar f\u00f6r att best\u00e4mma era\u00a0operativa och industriella specifikationer. Vi\u00a0anv\u00e4nder sedan denna information f\u00f6r att utveckla produktfl\u00f6de, layouter och utrustningsmodeller som kan\u00a0f\u00f6rb\u00e4ttra produktion och avkastning.<\/span><\/h3>\n<\/div><\/section><\/div><div style=' margin-top:30px; margin-bottom:30px;'  class='hr hr-custom hr-center hr-icon-no '><span class='hr-inner   inner-border-av-border-fat' style=' width:2000px; border-color:#b02b2c;' ><span class='hr-inner-style'><\/span><\/span><\/div><\/p>\n<div style='padding-bottom:0px;color:#565656;font-size:40px;' class='av-special-heading av-special-heading-h1 custom-color-heading blockquote classic-quote   av-inherit-size'><h1 class='av-special-heading-tag'  itemprop=\"headline\"  >VI KOMMER ATT TA DINA <span class='special_amp'>\u201d<\/span>SERVETTID\u00c9ER<span class='special_amp'>\u201d<\/span> OCH G\u00d6RA DEM TILL VERKLIGHET<\/h1><div class='special-heading-border'><div class='special-heading-inner-border' style='border-color:#565656'><\/div><\/div><\/div>\n<div style=' margin-top:30px; margin-bottom:30px;'  class='hr hr-custom hr-center hr-icon-no '><span class='hr-inner   inner-border-av-border-fat' style=' width:2000px; border-color:#b02b2c;' ><span class='hr-inner-style'><\/span><\/span><\/div>\n<div class=\"flex_column av_one_half  flex_column_div av-zero-column-padding first  \" style='margin-top:10px; margin-bottom:-40px; border-radius:0px; '><div class='avia-icon-list-container '><ul class='avia-icon-list avia-icon-list-left av-iconlist-big avia_animate_when_almost_visible'>\n<li><div  style='background-color:#ffffff; border:1px solid #000000; color:#000000; ' class='iconlist_icon  avia-font-entypo-fontello'><span class='iconlist-char' aria-hidden='true' data-av_icon='\ue857' data-av_iconfont='entypo-fontello'><\/span><\/div><article class=\"article-icon-entry \"  itemscope=\"itemscope\" itemtype=\"https:\/\/schema.org\/CreativeWork\" ><div class='iconlist_content_wrap'><header class=\"entry-content-header\"><h4 class='av_iconlist_title iconlist_title '  itemprop=\"headline\"  >VI SAMARBETAR MED ER FR\u00c5N B\u00d6RJAN OCH HELA V\u00c4GEN TILL F\u00c4RDIG UTRUSTNING<\/h4><\/header><div class='iconlist_content '  itemprop=\"text\"  ><p>Genom att ha ett\u00a0in-house\u00a0designteam, ger det oss m\u00f6jlighet att samarbeta med\u00a0er\u00a0redan fr\u00e5n b\u00f6rjan av projektet. Vi kan ta p\u00e5 oss att\u00a0utf\u00f6ra projektet\u00a0och\u00a0\u00e4ven ta hand om\u00a0tillverkning av utrustningen.\u00a0Vi blir p\u00e5 s\u00e5 s\u00e4tt er\u00a0samarbetspartner.<\/p>\n<\/div><\/div><footer class=\"entry-footer\"><\/footer><\/article><div class='iconlist-timeline'><\/div><\/li>\n<li><div  style='background-color:#ffffff; border:1px solid #000000; color:#000000; ' class='iconlist_icon  avia-font-entypo-fontello'><span class='iconlist-char' aria-hidden='true' data-av_icon='\ue839' data-av_iconfont='entypo-fontello'><\/span><\/div><article class=\"article-icon-entry \"  itemscope=\"itemscope\" itemtype=\"https:\/\/schema.org\/CreativeWork\" ><div class='iconlist_content_wrap'><header class=\"entry-content-header\"><h4 class='av_iconlist_title iconlist_title '  itemprop=\"headline\"  >B\u00d6RJA MED DINA SERVETTID\u00c9ER<\/h4><\/header><div class='iconlist_content '  itemprop=\"text\"  ><p>Har\u00a0ni\u00a0en id\u00e9 om vad\u00a0ni\u00a0vill ha, men inte en fullt utvecklad plan? Eller har\u00a0ni\u00a0en process som beh\u00f6ver g\u00f6ras, men\u00a0inte kan\u00a0hitta den utrustning som ska utf\u00f6ra\u00a0den? Inga problem! Vi tar\u00a0era \u201dservettskiss\u201d- id\u00e9er \u2013 de d\u00e4r f\u00f6rsta tankarna, id\u00e9erna och behoven \u2013 och g\u00f6r dem till 2D-grafik och 3D-modeller av utrustning att tillverka.<\/p>\n<\/div><\/div><footer class=\"entry-footer\"><\/footer><\/article><div class='iconlist-timeline'><\/div><\/li>\n<\/ul><\/div><\/div>\n<div class=\"flex_column av_one_half  flex_column_div av-zero-column-padding   \" style='margin-top:10px; margin-bottom:-40px; border-radius:0px; '><div class='avia-icon-list-container '><ul class='avia-icon-list avia-icon-list-left av-iconlist-big avia_animate_when_almost_visible'>\n<li><div  style='background-color:#ffffff; border:1px solid #000000; color:#000000; ' class='iconlist_icon  avia-font-entypo-fontello'><span class='iconlist-char' aria-hidden='true' data-av_icon='\ue826' data-av_iconfont='entypo-fontello'><\/span><\/div><article class=\"article-icon-entry \"  itemscope=\"itemscope\" itemtype=\"https:\/\/schema.org\/CreativeWork\" ><div class='iconlist_content_wrap'><header class=\"entry-content-header\"><h4 class='av_iconlist_title iconlist_title '  itemprop=\"headline\"  >F\u00d6RSER ER MED 3D-MODELLER<\/h4><\/header><div class='iconlist_content '  itemprop=\"text\"  ><p>V\u00e5rt team \u00e4r utrustade f\u00f6r att\u00a0f\u00f6rse\u00a0er\u00a0med 3D-modeller p\u00e5 varje exemplar av\u00a0utrustningen, liksom hela\u00a0er processlinje\u00a0och hur\u00a0den kommer\u00a0att passa i\u00a0er\u00a0anl\u00e4ggning. Ni\u00a0kan vrida, v\u00e4nda och rotera vyn f\u00f6r att se hur allt passar ihop och fungerar.<\/p>\n<\/div><\/div><footer class=\"entry-footer\"><\/footer><\/article><div class='iconlist-timeline'><\/div><\/li>\n<li><div  style='background-color:#ffffff; border:1px solid #000000; color:#000000; ' class='iconlist_icon  avia-font-entypo-fontello'><span class='iconlist-char' aria-hidden='true' data-av_icon='\ue812' data-av_iconfont='entypo-fontello'><\/span><\/div><article class=\"article-icon-entry \"  itemscope=\"itemscope\" itemtype=\"https:\/\/schema.org\/CreativeWork\" ><div class='iconlist_content_wrap'><header class=\"entry-content-header\"><h4 class='av_iconlist_title iconlist_title '  itemprop=\"headline\"  >KAN TILLVERKA PRECIS DET SOM \u00c4R DESIGNAT<\/h4><\/header><div class='iconlist_content '  itemprop=\"text\"  ><p>Ni\u00a0beh\u00f6ver inte oroa\u00a0er\u00a0om vi klarar av att tillverka det som \u00e4r designat. V\u00e5rt designteam vet\u00a0v\u00e5r tillverkningskapacitet\u00a0och kommer inte att presentera\u00a0f\u00f6r er\u00a0n\u00e5got som vi inte kan g\u00f6ra. Varje design \u00e4r vi fullt kapabla att tillverka med den befintliga\u00a0kvaliteten.<\/p>\n<\/div><\/div><footer class=\"entry-footer\"><\/footer><\/article><div class='iconlist-timeline'><\/div><\/li>\n<\/ul><\/div><\/div>\n<\/div><\/div><\/div><!-- close content main div --><\/div><\/div><div id='av_section_1' class='avia-section main_color avia-section-no-padding avia-no-border-styling avia-bg-style-scroll  av-minimum-height av-minimum-height-25 container_wrap sidebar_right' style = 'background-color: #e1e1e0; '  ><div class='container' ><div class='template-page content  av-content-small alpha units'><div class='post-entry post-entry-type-page post-entry-1583'><div class='entry-content-wrapper clearfix'>\n<section class=\"av_textblock_section\"  itemscope=\"itemscope\" itemtype=\"https:\/\/schema.org\/CreativeWork\" ><div class='avia_textblock  av_inherit_color'  style='font-size:40px; color:#666666; '  itemprop=\"text\" ><p style=\"text-align: center;\">Har du en id\u00e9?<\/p>\n<\/div><\/section>\n<div class='avia-button-wrap avia-button-center '><a href=\"http:\/\/stelga.lt\/sv\/kontaktai\/\" class=\"avia-button  avia-icon_select-yes-left-icon avia-color-grey avia-size-x-large avia-position-center \" target=\"_blank\" rel=\"noopener\"><span class='avia_button_icon avia_button_icon_left ' aria-hidden='true' data-av_icon='\ue805' data-av_iconfont='entypo-fontello'><\/span><span class='avia_iconbox_title' >Prata med oss om det.<\/span><\/a><\/div>\n<div style=' margin-top:20px; margin-bottom:0px;'  class='hr hr-custom hr-center hr-icon-no '><span class='hr-inner   inner-border-av-border-none' style=' width:50px;' ><span class='hr-inner-style'><\/span><\/span><\/div>\n<\/div><\/div><\/div><!-- close content main div --><\/div><\/div><div id='after_section_1' class='main_color av_default_container_wrap container_wrap sidebar_right'   ><div class='container' ><div class='template-page content  av-content-small alpha units'><div class='post-entry post-entry-type-page post-entry-1583'><div class='entry-content-wrapper clearfix'>\n","protected":false},"excerpt":{"rendered":"","protected":false},"author":1,"featured_media":0,"parent":0,"menu_order":0,"comment_status":"closed","ping_status":"closed","template":"","meta":{"_monsterinsights_skip_tracking":false,"_monsterinsights_sitenote_active":false,"_monsterinsights_sitenote_note":"","_monsterinsights_sitenote_category":0,"footnotes":""},"_links":{"self":[{"href":"https:\/\/www.stelga.lt\/sv\/wp-json\/wp\/v2\/pages\/1583"}],"collection":[{"href":"https:\/\/www.stelga.lt\/sv\/wp-json\/wp\/v2\/pages"}],"about":[{"href":"https:\/\/www.stelga.lt\/sv\/wp-json\/wp\/v2\/types\/page"}],"author":[{"embeddable":true,"href":"https:\/\/www.stelga.lt\/sv\/wp-json\/wp\/v2\/users\/1"}],"replies":[{"embeddable":true,"href":"https:\/\/www.stelga.lt\/sv\/wp-json\/wp\/v2\/comments?post=1583"}],"version-history":[{"count":11,"href":"https:\/\/www.stelga.lt\/sv\/wp-json\/wp\/v2\/pages\/1583\/revisions"}],"predecessor-version":[{"id":2035,"href":"https:\/\/www.stelga.lt\/sv\/wp-json\/wp\/v2\/pages\/1583\/revisions\/2035"}],"wp:attachment":[{"href":"https:\/\/www.stelga.lt\/sv\/wp-json\/wp\/v2\/media?parent=1583"}],"curies":[{"name":"wp","href":"https:\/\/api.w.org\/{rel}","templated":true}]}}