{"id":1602,"date":"2017-02-28T12:49:39","date_gmt":"2017-02-28T12:49:39","guid":{"rendered":"http:\/\/stelga.lt\/installation\/"},"modified":"2021-04-23T07:51:36","modified_gmt":"2021-04-23T07:51:36","slug":"installation","status":"publish","type":"page","link":"https:\/\/www.stelga.lt\/sv\/installation\/","title":{"rendered":"Installation"},"content":{"rendered":"<\/div><\/div><\/div><!-- close content main div --><\/div><\/div><div id='sub_menu1' class='av-submenu-container header_color  container_wrap sidebar_right'   style='z-index:301'><div class='container av-menu-mobile-disabled '><ul id='av-custom-submenu-1' class='av-subnav-menu av-submenu-pos-center'>\n<li class='menu-item menu-item-top-level  menu-item-top-level-1'><a href=\"http:\/\/stelga.lt\/sv\/design-3d-modeling\/\" target=\"_blank\" rel=\"noopener\"><span class='avia-bullet'><\/span><span class='avia-menu-text'>Design och 3D-Modellering<\/span><\/a><\/li>\n<li class='menu-item menu-item-top-level  menu-item-top-level-2'><a href=\"http:\/\/stelga.lt\/sv\/fabrication\/\" target=\"_blank\" rel=\"noopener\"><span class='avia-bullet'><\/span><span class='avia-menu-text'>Tillverkning<\/span><\/a><\/li>\n<li class='menu-item menu-item-top-level  menu-item-top-level-3'><a href=\"http:\/\/stelga.lt\/sv\/installation\/\" target=\"_blank\" rel=\"noopener\"><span class='avia-bullet'><\/span><span class='avia-menu-text'>Installation<\/span><\/a><\/li>\n<li class='menu-item menu-item-top-level  menu-item-top-level-4'><a href=\"http:\/\/stelga.lt\/sv\/maintenence\/\" target=\"_blank\" rel=\"noopener\"><span class='avia-bullet'><\/span><span class='avia-menu-text'>Underh\u00e5ll<\/span><\/a><\/li>\n<\/ul><\/div><\/div>\n<div class=\"flex_column av_one_full  flex_column_div av-zero-column-padding first  \" style='border-radius:0px; '><section class=\"av_textblock_section\"  itemscope=\"itemscope\" itemtype=\"https:\/\/schema.org\/CreativeWork\" ><div class='avia_textblock '   itemprop=\"text\" ><h1 style=\"text-align: left;\"><img loading=\"lazy\" decoding=\"async\" class=\"size-full wp-image-1205 alignleft\" src=\"http:\/\/stelga.lt\/wp-content\/uploads\/3-1.jpg\" alt=\"\" width=\"750\" height=\"406\" srcset=\"https:\/\/www.stelga.lt\/wp-content\/uploads\/3-1.jpg 750w, https:\/\/www.stelga.lt\/wp-content\/uploads\/3-1-300x162.jpg 300w, https:\/\/www.stelga.lt\/wp-content\/uploads\/3-1-705x382.jpg 705w, https:\/\/www.stelga.lt\/wp-content\/uploads\/3-1-450x244.jpg 450w\" sizes=\"(max-width: 750px) 100vw, 750px\" \/>INSTALLATIONSTJ\u00c4NSTER<\/h1>\n<h3 style=\"text-align: justify; text-justify: inter-word;\"><span style=\"font-size: medium;\">N\u00e4r det g\u00e4ller tid att implementera v\u00e5ra l\u00f6sningar i er\u00a0anl\u00e4ggning, kan ni alltid lita p\u00e5 v\u00e5rt team f\u00f6r att f\u00e5 det gjort p\u00e5 r\u00e4tt s\u00e4tt. Fr\u00e5n metallkonstruktioner f\u00f6r att st\u00e4lla upp egen utrustning, till att v\u00e5rt team kommer och ser till att v\u00e5ra l\u00f6sningar blir installerade i tid och att arbetet blir utf\u00f6rt p\u00e5 r\u00e4tt s\u00e4tt.<\/span><\/h3>\n<\/div><\/section><\/div><div style=' margin-top:30px; margin-bottom:30px;'  class='hr hr-custom hr-center hr-icon-no '><span class='hr-inner   inner-border-av-border-fat' style=' width:2000px; border-color:#b02b2c;' ><span class='hr-inner-style'><\/span><\/span><\/div><\/p>\n<div style='padding-bottom:0px;color:#565656;font-size:40px;' class='av-special-heading av-special-heading-h1 custom-color-heading blockquote classic-quote   av-inherit-size'><h1 class='av-special-heading-tag'  itemprop=\"headline\"  >VI TESTAR VARJE best\u00e5ndsdel F\u00d6R ATT SE TILL ATT ALLT FUNGERAR KORREKT.<\/h1><div class='special-heading-border'><div class='special-heading-inner-border' style='border-color:#565656'><\/div><\/div><\/div>\n<div style=' margin-top:30px; margin-bottom:30px;'  class='hr hr-custom hr-center hr-icon-no '><span class='hr-inner   inner-border-av-border-fat' style=' width:2000px; border-color:#b02b2c;' ><span class='hr-inner-style'><\/span><\/span><\/div>\n<div class=\"flex_column av_one_third  flex_column_div av-zero-column-padding first  \" style='border-radius:0px; '><div class='avia-icon-list-container '><ul class='avia-icon-list avia-icon-list-left av-iconlist-big avia_animate_when_almost_visible'>\n<li><div  style='background-color:#ffffff; border:1px solid #000000; color:#000000; ' class='iconlist_icon  avia-font-entypo-fontello'><span class='iconlist-char' aria-hidden='true' data-av_icon='\ue812' data-av_iconfont='entypo-fontello'><\/span><\/div><article class=\"article-icon-entry \"  itemscope=\"itemscope\" itemtype=\"https:\/\/schema.org\/CreativeWork\" ><div class='iconlist_content_wrap'><header class=\"entry-content-header\"><h4 class='av_iconlist_title iconlist_title '  itemprop=\"headline\"  >S\u00c4KERHET<\/h4><\/header><div class='iconlist_content '  itemprop=\"text\"  ><p>S\u00e4kerheten f\u00f6rst \u2013 vi tar hand om\u00a0er\u00a0och v\u00e5r personals s\u00e4kerhet medan\u00a0ni\u00a0arbetar p\u00e5 plats.<\/p>\n<\/div><\/div><footer class=\"entry-footer\"><\/footer><\/article><div class='iconlist-timeline'><\/div><\/li>\n<\/ul><\/div><\/div>\n<div class=\"flex_column av_one_third  flex_column_div av-zero-column-padding   \" style='border-radius:0px; '><div class='avia-icon-list-container '><ul class='avia-icon-list avia-icon-list-left av-iconlist-big avia_animate_when_almost_visible'>\n<li><div  style='background-color:#ffffff; border:1px solid #000000; color:#000000; ' class='iconlist_icon  avia-font-entypo-fontello'><span class='iconlist-char' aria-hidden='true' data-av_icon='\ue812' data-av_iconfont='entypo-fontello'><\/span><\/div><article class=\"article-icon-entry \"  itemscope=\"itemscope\" itemtype=\"https:\/\/schema.org\/CreativeWork\" ><div class='iconlist_content_wrap'><header class=\"entry-content-header\"><h4 class='av_iconlist_title iconlist_title '  itemprop=\"headline\"  >FLEXIBILITET<\/h4><\/header><div class='iconlist_content '  itemprop=\"text\"  ><p>Vi organiserar installationsschemat f\u00f6r att minska avbrott i er produktion samt minimerar eller eliminerar driftstopp.<\/p>\n<\/div><\/div><footer class=\"entry-footer\"><\/footer><\/article><div class='iconlist-timeline'><\/div><\/li>\n<\/ul><\/div><\/div>\n<div class=\"flex_column av_one_third  flex_column_div av-zero-column-padding   \" style='border-radius:0px; '><div class='avia-icon-list-container '><ul class='avia-icon-list avia-icon-list-left av-iconlist-big avia_animate_when_almost_visible'>\n<li><div  style='background-color:#ffffff; border:1px solid #000000; color:#000000; ' class='iconlist_icon  avia-font-entypo-fontello'><span class='iconlist-char' aria-hidden='true' data-av_icon='\ue812' data-av_iconfont='entypo-fontello'><\/span><\/div><article class=\"article-icon-entry \"  itemscope=\"itemscope\" itemtype=\"https:\/\/schema.org\/CreativeWork\" ><div class='iconlist_content_wrap'><header class=\"entry-content-header\"><h4 class='av_iconlist_title iconlist_title '  itemprop=\"headline\"  >SNABBHET<\/h4><\/header><div class='iconlist_content '  itemprop=\"text\"  ><p>Noggranna f\u00f6rberedelser\u00a0g\u00f6r att vi arbetar\u00a0snabbt och smidigt\u00a0n\u00e4r vi kommer\u00a0till er arbetsplats.<\/p>\n<\/div><\/div><footer class=\"entry-footer\"><\/footer><\/article><div class='iconlist-timeline'><\/div><\/li>\n<\/ul><\/div><\/div>\n<\/div><\/div><\/div><!-- close content main div --><\/div><\/div><div id='av_section_1' class='avia-section main_color avia-section-no-padding avia-no-border-styling avia-bg-style-scroll  av-minimum-height av-minimum-height-25 container_wrap sidebar_right' style = 'background-color: #e1e1e0; '  ><div class='container' ><div class='template-page content  av-content-small alpha units'><div class='post-entry post-entry-type-page post-entry-1602'><div class='entry-content-wrapper clearfix'>\n<section class=\"av_textblock_section\"  itemscope=\"itemscope\" itemtype=\"https:\/\/schema.org\/CreativeWork\" ><div class='avia_textblock  av_inherit_color'  style='font-size:40px; color:#666666; '  itemprop=\"text\" ><p style=\"text-align: center;\">Har du en id\u00e9?<\/p>\n<\/div><\/section>\n<div class='avia-button-wrap avia-button-center '><a href=\"http:\/\/stelga.lt\/sv\/kontaktai\/\" class=\"avia-button  avia-icon_select-yes-left-icon avia-color-grey avia-size-x-large avia-position-center \" target=\"_blank\" rel=\"noopener\"><span class='avia_button_icon avia_button_icon_left ' aria-hidden='true' data-av_icon='\ue805' data-av_iconfont='entypo-fontello'><\/span><span class='avia_iconbox_title' >Prata med oss om det.<\/span><\/a><\/div>\n<div style=' margin-top:20px; margin-bottom:0px;'  class='hr hr-custom hr-center hr-icon-no '><span class='hr-inner   inner-border-av-border-none' style=' width:50px;' ><span class='hr-inner-style'><\/span><\/span><\/div>\n<\/div><\/div><\/div><!-- close content main div --><\/div><\/div><div id='after_section_1' class='main_color av_default_container_wrap container_wrap sidebar_right'   ><div class='container' ><div class='template-page content  av-content-small alpha units'><div class='post-entry post-entry-type-page post-entry-1602'><div class='entry-content-wrapper clearfix'>\n","protected":false},"excerpt":{"rendered":"","protected":false},"author":1,"featured_media":0,"parent":0,"menu_order":0,"comment_status":"closed","ping_status":"closed","template":"","meta":{"_monsterinsights_skip_tracking":false,"_monsterinsights_sitenote_active":false,"_monsterinsights_sitenote_note":"","_monsterinsights_sitenote_category":0,"footnotes":""},"_links":{"self":[{"href":"https:\/\/www.stelga.lt\/sv\/wp-json\/wp\/v2\/pages\/1602"}],"collection":[{"href":"https:\/\/www.stelga.lt\/sv\/wp-json\/wp\/v2\/pages"}],"about":[{"href":"https:\/\/www.stelga.lt\/sv\/wp-json\/wp\/v2\/types\/page"}],"author":[{"embeddable":true,"href":"https:\/\/www.stelga.lt\/sv\/wp-json\/wp\/v2\/users\/1"}],"replies":[{"embeddable":true,"href":"https:\/\/www.stelga.lt\/sv\/wp-json\/wp\/v2\/comments?post=1602"}],"version-history":[{"count":9,"href":"https:\/\/www.stelga.lt\/sv\/wp-json\/wp\/v2\/pages\/1602\/revisions"}],"predecessor-version":[{"id":2047,"href":"https:\/\/www.stelga.lt\/sv\/wp-json\/wp\/v2\/pages\/1602\/revisions\/2047"}],"wp:attachment":[{"href":"https:\/\/www.stelga.lt\/sv\/wp-json\/wp\/v2\/media?parent=1602"}],"curies":[{"name":"wp","href":"https:\/\/api.w.org\/{rel}","templated":true}]}}