{"id":1607,"date":"2017-02-28T13:02:28","date_gmt":"2017-02-28T13:02:28","guid":{"rendered":"http:\/\/stelga.lt\/maintenence\/"},"modified":"2021-04-23T08:02:46","modified_gmt":"2021-04-23T08:02:46","slug":"maintenence","status":"publish","type":"page","link":"https:\/\/www.stelga.lt\/sv\/maintenence\/","title":{"rendered":"Underh\u00e5ll"},"content":{"rendered":"<\/div><\/div><\/div><!-- close content main div --><\/div><\/div><div id='sub_menu1' class='av-submenu-container header_color  container_wrap sidebar_right'   style='z-index:301'><div class='container av-menu-mobile-disabled '><ul id='av-custom-submenu-1' class='av-subnav-menu av-submenu-pos-center'>\n<li class='menu-item menu-item-top-level  menu-item-top-level-1'><a href=\"http:\/\/stelga.lt\/sv\/design-3d-modeling\/\" target=\"_blank\" rel=\"noopener\"><span class='avia-bullet'><\/span><span class='avia-menu-text'>Design och 3D-Modellering<\/span><\/a><\/li>\n<li class='menu-item menu-item-top-level  menu-item-top-level-2'><a href=\"http:\/\/stelga.lt\/sv\/fabrication\/\" target=\"_blank\" rel=\"noopener\"><span class='avia-bullet'><\/span><span class='avia-menu-text'>Tillverkning<\/span><\/a><\/li>\n<li class='menu-item menu-item-top-level  menu-item-top-level-3'><a href=\"http:\/\/stelga.lt\/sv\/installation\/\" target=\"_blank\" rel=\"noopener\"><span class='avia-bullet'><\/span><span class='avia-menu-text'>Installation<\/span><\/a><\/li>\n<li class='menu-item menu-item-top-level  menu-item-top-level-4'><a href=\"http:\/\/stelga.lt\/sv\/maintenence\/\" target=\"_blank\" rel=\"noopener\"><span class='avia-bullet'><\/span><span class='avia-menu-text'>Underh\u00e5ll<\/span><\/a><\/li>\n<\/ul><\/div><\/div>\n<div class=\"flex_column av_one_full  flex_column_div av-zero-column-padding first  \" style='border-radius:0px; '><section class=\"av_textblock_section\"  itemscope=\"itemscope\" itemtype=\"https:\/\/schema.org\/CreativeWork\" ><div class='avia_textblock '   itemprop=\"text\" ><h1 style=\"text-align: left;\"><img loading=\"lazy\" decoding=\"async\" class=\"alignleft size-full wp-image-1208\" src=\"http:\/\/stelga.lt\/wp-content\/uploads\/6-1.jpg\" alt=\"\" width=\"750\" height=\"406\" srcset=\"https:\/\/www.stelga.lt\/wp-content\/uploads\/6-1.jpg 750w, https:\/\/www.stelga.lt\/wp-content\/uploads\/6-1-300x162.jpg 300w, https:\/\/www.stelga.lt\/wp-content\/uploads\/6-1-705x382.jpg 705w, https:\/\/www.stelga.lt\/wp-content\/uploads\/6-1-450x244.jpg 450w\" sizes=\"(max-width: 750px) 100vw, 750px\" \/>UNDERH\u00c5LL<\/h1>\n<h3 style=\"text-align: justify; text-justify: inter-word;\"><span style=\"font-size: medium;\">Materialhanteringssystemet \u00e4r livsnerven i er verksamhet, d\u00e4rf\u00f6r vill man g\u00f6ra allt f\u00f6r\u00a0att minimera driftstopp. Det b\u00e4sta s\u00e4ttet att \u00f6ka systemets driftstid och f\u00f6rl\u00e4nga livsl\u00e4ngden p\u00e5 er investering \u00e4r med en bra f\u00f6rebyggande underh\u00e5llsplan.<\/span><\/h3>\n<\/div><\/section><\/div><div style=' margin-top:30px; margin-bottom:30px;'  class='hr hr-custom hr-center hr-icon-no '><span class='hr-inner   inner-border-av-border-fat' style=' width:2000px; border-color:#b02b2c;' ><span class='hr-inner-style'><\/span><\/span><\/div><\/p>\n<div style='padding-bottom:0px;color:#565656;font-size:40px;' class='av-special-heading av-special-heading-h1 custom-color-heading blockquote classic-quote   av-inherit-size'><h1 class='av-special-heading-tag'  itemprop=\"headline\"  >F\u00d6REBYGGANDE UNDERH\u00c5LL \u00c4R EN SMART INVESTERING SOM H\u00c5LLER ert SYSTEM IG\u00c5NG<\/h1><div class='special-heading-border'><div class='special-heading-inner-border' style='border-color:#565656'><\/div><\/div><\/div>\n<div style=' margin-top:30px; margin-bottom:30px;'  class='hr hr-custom hr-center hr-icon-no '><span class='hr-inner   inner-border-av-border-fat' style=' width:2000px; border-color:#b02b2c;' ><span class='hr-inner-style'><\/span><\/span><\/div>\n<div class=\"flex_column av_one_half  flex_column_div av-zero-column-padding first  \" style='border-radius:0px; '><div class='avia-icon-list-container '><ul class='avia-icon-list avia-icon-list-left av-iconlist-big avia_animate_when_almost_visible'>\n<li><div  style='background-color:#ffffff; border:1px solid #000000; color:#000000; ' class='iconlist_icon  avia-font-entypo-fontello'><span class='iconlist-char' aria-hidden='true' data-av_icon='\ue857' data-av_iconfont='entypo-fontello'><\/span><\/div><article class=\"article-icon-entry \"  itemscope=\"itemscope\" itemtype=\"https:\/\/schema.org\/CreativeWork\" ><div class='iconlist_content_wrap'><header class=\"entry-content-header\"><h4 class='av_iconlist_title iconlist_title '  itemprop=\"headline\"  >TEKNIKER<\/h4><\/header><div class='iconlist_content '  itemprop=\"text\"  ><p>En bra tekniker kommer att korrigera sm\u00e5 problem innan de blir stora.\u00a0Allt beror p\u00e5 hur ni vill spendera era pengar. Vill ni hellre\u00a0f\u00e5\u00a0utebliven f\u00f6rs\u00e4ljning och missn\u00f6jda kunder n\u00e4r systemet g\u00e5r ner,\u00a0\u00e4n\u00a0en grymt bra underh\u00e5llstekniker?<\/p>\n<\/div><\/div><footer class=\"entry-footer\"><\/footer><\/article><div class='iconlist-timeline'><\/div><\/li>\n<li><div  style='background-color:#ffffff; border:1px solid #000000; color:#000000; ' class='iconlist_icon  avia-font-entypo-fontello'><span class='iconlist-char' aria-hidden='true' data-av_icon='\ue839' data-av_iconfont='entypo-fontello'><\/span><\/div><article class=\"article-icon-entry \"  itemscope=\"itemscope\" itemtype=\"https:\/\/schema.org\/CreativeWork\" ><div class='iconlist_content_wrap'><header class=\"entry-content-header\"><h4 class='av_iconlist_title iconlist_title '  itemprop=\"headline\"  >RESERVDELAR<\/h4><\/header><div class='iconlist_content '  itemprop=\"text\"  ><p>Alla mekaniska delar kommer s\u00e5 sm\u00e5ningom att g\u00e5 s\u00f6nder (troligen vid s\u00e4msta m\u00f6jliga tidpunkt). Beroende p\u00e5 vilken del som g\u00e5r s\u00f6nder, kan detta skapa stopp i produktionen under en l\u00e5ng tid. Vi rekommenderar er\u00a0att h\u00e5lla ett s\u00e4kerhetslager av alla kritiska\u00a0delar\u00a0och de med l\u00e5nga ledtider. Om detta inte finns med i budgeten, kan vi samarbeta med\u00a0er\u00a0f\u00f6r att s\u00e4kerst\u00e4lla att\u00a0era\u00a0kritiska\u00a0delar\u00a0finns\u00a0p\u00e5 v\u00e5rt lager.<\/p>\n<\/div><\/div><footer class=\"entry-footer\"><\/footer><\/article><div class='iconlist-timeline'><\/div><\/li>\n<\/ul><\/div><\/div>\n<div class=\"flex_column av_one_half  flex_column_div av-zero-column-padding   \" style='border-radius:0px; '><div class='avia-icon-list-container '><ul class='avia-icon-list avia-icon-list-left av-iconlist-big avia_animate_when_almost_visible'>\n<li><div  style='background-color:#ffffff; border:1px solid #000000; color:#000000; ' class='iconlist_icon  avia-font-entypo-fontello'><span class='iconlist-char' aria-hidden='true' data-av_icon='\ue857' data-av_iconfont='entypo-fontello'><\/span><\/div><article class=\"article-icon-entry \"  itemscope=\"itemscope\" itemtype=\"https:\/\/schema.org\/CreativeWork\" ><div class='iconlist_content_wrap'><header class=\"entry-content-header\"><h4 class='av_iconlist_title iconlist_title '  itemprop=\"headline\"  >F\u00d6REBYGGANDE UNDERH\u00c5LL<\/h4><\/header><div class='iconlist_content '  itemprop=\"text\"  ><p>Om\u00a0ni\u00a0bara planerar att fixa saker n\u00e4r\u00a0de\u00a0g\u00e5r s\u00f6nder, kommer\u00a0ni\u00a0att vara mycket\u00a0upptagna med\u00a0av att fixa till med\u00a0dessa problem.\u00a0Mekanisk utrustning m\u00e5ste\u00a0underh\u00e5llas. Olika delar av\u00a0ert\u00a0system kr\u00e4ver olika niv\u00e5er av f\u00f6rebyggande v\u00e5rd. \u00a0Stelga kan arbeta med\u00a0er\u00a0f\u00f6r att utveckla\u00a0en\u00a0omfattande f\u00f6rebyggande\u00a0underh\u00e5llsplan. Genom att f\u00f6lja\u00a0denna, kommer\u00a0ni\u00a0att kunna s\u00e4kerst\u00e4lla maximal\u00a0systemk\u00f6rtid.<\/p>\n<\/div><\/div><footer class=\"entry-footer\"><\/footer><\/article><div class='iconlist-timeline'><\/div><\/li>\n<li><div  style='background-color:#ffffff; border:1px solid #000000; color:#000000; ' class='iconlist_icon  avia-font-entypo-fontello'><span class='iconlist-char' aria-hidden='true' data-av_icon='\ue839' data-av_iconfont='entypo-fontello'><\/span><\/div><article class=\"article-icon-entry \"  itemscope=\"itemscope\" itemtype=\"https:\/\/schema.org\/CreativeWork\" ><div class='iconlist_content_wrap'><header class=\"entry-content-header\"><h4 class='av_iconlist_title iconlist_title '  itemprop=\"headline\"  >KLOK REPARATION<\/h4><\/header><div class='iconlist_content '  itemprop=\"text\"  ><p>Att uppr\u00e4tth\u00e5lla ett stort\u00a0materialhanteringssystem\u00a0kan vara \u00f6verv\u00e4ldigande. Det \u00e4r viktigt att vi t\u00e4nker p\u00e5 n\u00f6dv\u00e4ndiga reparationer i form av tid. Till exempel, om ett\u00a0lager\u00a0g\u00e5r ur en centerdrivare, skulle det kostnadseffektiva s\u00e4ttet vara att enbart ers\u00e4tta b\u00e4raren. Men de intelligenta vore att ers\u00e4tta b\u00e5de lager och eventuellt remskivan. Att ta is\u00e4r disken tar tid, oftast mycket mer tid \u00e4n att byta ut komponenter. Det \u00e4r viktigt att fixa saker p\u00e5 ett\u00a0smarts\u00e4tt.<\/p>\n<\/div><\/div><footer class=\"entry-footer\"><\/footer><\/article><div class='iconlist-timeline'><\/div><\/li>\n<\/ul><\/div><\/div>\n<\/div><\/div><\/div><!-- close content main div --><\/div><\/div><div id='av_section_1' class='avia-section main_color avia-section-no-padding avia-no-border-styling avia-bg-style-scroll  av-minimum-height av-minimum-height-25 container_wrap sidebar_right' style = 'background-color: #e1e1e0; '  ><div class='container' ><div class='template-page content  av-content-small alpha units'><div class='post-entry post-entry-type-page post-entry-1607'><div class='entry-content-wrapper clearfix'>\n<section class=\"av_textblock_section\"  itemscope=\"itemscope\" itemtype=\"https:\/\/schema.org\/CreativeWork\" ><div class='avia_textblock  av_inherit_color'  style='font-size:40px; color:#666666; '  itemprop=\"text\" ><p style=\"text-align: center;\">Har du en id\u00e9?<\/p>\n<\/div><\/section>\n<div class='avia-button-wrap avia-button-center '><a href=\"http:\/\/stelga.lt\/sv\/kontaktai\/\" class=\"avia-button  avia-icon_select-yes-left-icon avia-color-grey avia-size-x-large avia-position-center \" target=\"_blank\" rel=\"noopener\"><span class='avia_button_icon avia_button_icon_left ' aria-hidden='true' data-av_icon='\ue805' data-av_iconfont='entypo-fontello'><\/span><span class='avia_iconbox_title' >Prata med oss om det.<\/span><\/a><\/div>\n<div style=' margin-top:20px; margin-bottom:0px;'  class='hr hr-custom hr-center hr-icon-no '><span class='hr-inner   inner-border-av-border-none' style=' width:50px;' ><span class='hr-inner-style'><\/span><\/span><\/div>\n<\/div><\/div><\/div><!-- close content main div --><\/div><\/div><div id='after_section_1' class='main_color av_default_container_wrap container_wrap sidebar_right'   ><div class='container' ><div class='template-page content  av-content-small alpha units'><div class='post-entry post-entry-type-page post-entry-1607'><div class='entry-content-wrapper clearfix'>\n","protected":false},"excerpt":{"rendered":"","protected":false},"author":1,"featured_media":0,"parent":0,"menu_order":0,"comment_status":"closed","ping_status":"closed","template":"","meta":{"_monsterinsights_skip_tracking":false,"_monsterinsights_sitenote_active":false,"_monsterinsights_sitenote_note":"","_monsterinsights_sitenote_category":0,"footnotes":""},"_links":{"self":[{"href":"https:\/\/www.stelga.lt\/sv\/wp-json\/wp\/v2\/pages\/1607"}],"collection":[{"href":"https:\/\/www.stelga.lt\/sv\/wp-json\/wp\/v2\/pages"}],"about":[{"href":"https:\/\/www.stelga.lt\/sv\/wp-json\/wp\/v2\/types\/page"}],"author":[{"embeddable":true,"href":"https:\/\/www.stelga.lt\/sv\/wp-json\/wp\/v2\/users\/1"}],"replies":[{"embeddable":true,"href":"https:\/\/www.stelga.lt\/sv\/wp-json\/wp\/v2\/comments?post=1607"}],"version-history":[{"count":9,"href":"https:\/\/www.stelga.lt\/sv\/wp-json\/wp\/v2\/pages\/1607\/revisions"}],"predecessor-version":[{"id":2053,"href":"https:\/\/www.stelga.lt\/sv\/wp-json\/wp\/v2\/pages\/1607\/revisions\/2053"}],"wp:attachment":[{"href":"https:\/\/www.stelga.lt\/sv\/wp-json\/wp\/v2\/media?parent=1607"}],"curies":[{"name":"wp","href":"https:\/\/api.w.org\/{rel}","templated":true}]}}